{"id":12646,"date":"2025-10-08T11:46:03","date_gmt":"2025-10-08T09:46:03","guid":{"rendered":"https:\/\/www.camping-oyam.com\/?post_type=product&#038;p=12646"},"modified":"2026-04-20T14:28:12","modified_gmt":"2026-04-20T12:28:12","slug":"jaizkibel","status":"publish","type":"product","link":"https:\/\/www.camping-oyam.com\/es\/shop\/location-mobil-homes-pays-basque\/jaizkibel\/","title":{"rendered":"Jaizkibel"},"content":{"rendered":"<h2>Descripci\u00f3n completa del alojamiento.<\/h2>\n<p data-start=\"124\" data-end=\"284\">La casa m\u00f3vil Jaizkibel (modelo vintage) es un cl\u00e1sico en Camping Oyam, ideal para vacaciones familiares en Bidart.<\/p>\n<p data-start=\"124\" data-end=\"284\">Con sus 2 dormitorios para 4 personas, este modelo de referencia, con m\u00e1s de 9 a\u00f1os de antig\u00fcedad, es una opci\u00f3n ideal para disfrutar de una agradable estancia en el Pa\u00eds Vasco.<\/p>\n<p data-start=\"476\" data-end=\"600\">Su terraza de madera se convierte en el lugar perfecto para compartir tus desayunos o tus momentos de relax al aire libre.<\/p>\n<p data-start=\"870\" data-end=\"907\"><em data-start=\"870\" data-end=\"905\">Fotograf\u00edas y planos no contractuales.<\/em><\/p>","protected":false},"excerpt":{"rendered":"<p>Mobil-home Jaizkibel, 2 dormitorios para 4 personas, terraza de madera, televisi\u00f3n y aire acondicionado. Alojamiento sencillo y confortable en el camping Oyam de Bidart.<\/p>\n<p><em data-start=\"870\" data-end=\"905\">Fotograf\u00edas y planos no contractuales.<\/em><\/p>","protected":false},"featured_media":12647,"template":"","meta":{"_acf_changed":false,"_glsr_average":0,"_glsr_ranking":0,"_glsr_reviews":0},"product_brand":[],"product_cat":[290,40],"product_tag":[],"class_list":{"0":"post-12646","1":"product","2":"type-product","3":"status-publish","4":"has-post-thumbnail","6":"product_cat-locations-4-personnes","7":"product_cat-location-mobil-homes-pays-basque","9":"first","10":"instock","11":"shipping-taxable","12":"product-type-simple"},"acf":[],"yoast_head":"<!-- This site is optimized with the Yoast SEO plugin v27.4 - https:\/\/yoast.com\/product\/yoast-seo-wordpress\/ -->\n<title>Mobile home Jaizkibel 4 personnes en location \u00e0 Bidart<\/title>\n<meta name=\"description\" content=\"Mobile home 4 personnes en location pr\u00e8s de Biarritz. D\u00e9couvrez toutes les locations du Camping Oyam pour vos vacances au Pays Basque !\" \/>\n<meta name=\"robots\" content=\"index, follow, max-snippet:-1, max-image-preview:large, max-video-preview:-1\" \/>\n<link rel=\"canonical\" href=\"https:\/\/www.camping-oyam.com\/es\/comercio\/alquiler-mobil-homes-pais-vasco\/jaizkibel\/\" \/>\n<meta property=\"og:locale\" content=\"es_ES\" \/>\n<meta property=\"og:type\" content=\"article\" \/>\n<meta property=\"og:title\" content=\"Mobile home Jaizkibel 4 personnes en location \u00e0 Bidart\" \/>\n<meta property=\"og:description\" content=\"Mobile home 4 personnes en location pr\u00e8s de Biarritz. D\u00e9couvrez toutes les locations du Camping Oyam pour vos vacances au Pays Basque !\" \/>\n<meta property=\"og:url\" content=\"https:\/\/www.camping-oyam.com\/es\/comercio\/alquiler-mobil-homes-pais-vasco\/jaizkibel\/\" \/>\n<meta property=\"og:site_name\" content=\"Camping Oyam Bidart\" \/>\n<meta property=\"article:publisher\" content=\"https:\/\/www.facebook.com\/Camping-Oyam-Bidart-Pays-Basque-160845007297162\/\" \/>\n<meta property=\"article:modified_time\" content=\"2026-04-20T12:28:12+00:00\" \/>\n<meta property=\"og:image\" content=\"https:\/\/www.camping-oyam.com\/wp-content\/uploads\/2025\/10\/mobil-home-jaizkibel-3-camping-oyam-bidart.png\" \/>\n\t<meta property=\"og:image:width\" content=\"1200\" \/>\n\t<meta property=\"og:image:height\" content=\"800\" \/>\n\t<meta property=\"og:image:type\" content=\"image\/png\" \/>\n<meta name=\"twitter:card\" content=\"summary_large_image\" \/>\n<meta name=\"twitter:label1\" content=\"Tiempo de lectura\" \/>\n\t<meta name=\"twitter:data1\" content=\"1 minuto\" \/>\n<script type=\"application\/ld+json\" class=\"yoast-schema-graph\">{\"@context\":\"https:\\\/\\\/schema.org\",\"@graph\":[{\"@type\":\"WebPage\",\"@id\":\"https:\\\/\\\/www.camping-oyam.com\\\/shop\\\/location-mobil-homes-pays-basque\\\/jaizkibel\\\/\",\"url\":\"https:\\\/\\\/www.camping-oyam.com\\\/shop\\\/location-mobil-homes-pays-basque\\\/jaizkibel\\\/\",\"name\":\"Mobile home Jaizkibel 4 personnes en location \u00e0 Bidart\",\"isPartOf\":{\"@id\":\"https:\\\/\\\/www.camping-oyam.com\\\/en\\\/#website\"},\"primaryImageOfPage\":{\"@id\":\"https:\\\/\\\/www.camping-oyam.com\\\/shop\\\/location-mobil-homes-pays-basque\\\/jaizkibel\\\/#primaryimage\"},\"image\":{\"@id\":\"https:\\\/\\\/www.camping-oyam.com\\\/shop\\\/location-mobil-homes-pays-basque\\\/jaizkibel\\\/#primaryimage\"},\"thumbnailUrl\":\"https:\\\/\\\/www.camping-oyam.com\\\/wp-content\\\/uploads\\\/2025\\\/10\\\/mobil-home-jaizkibel-3-camping-oyam-bidart.png\",\"datePublished\":\"2025-10-08T09:46:03+00:00\",\"dateModified\":\"2026-04-20T12:28:12+00:00\",\"description\":\"Mobile home 4 personnes en location pr\u00e8s de Biarritz. D\u00e9couvrez toutes les locations du Camping Oyam pour vos vacances au Pays Basque !\",\"breadcrumb\":{\"@id\":\"https:\\\/\\\/www.camping-oyam.com\\\/shop\\\/location-mobil-homes-pays-basque\\\/jaizkibel\\\/#breadcrumb\"},\"inLanguage\":\"es\",\"potentialAction\":[{\"@type\":\"ReadAction\",\"target\":[\"https:\\\/\\\/www.camping-oyam.com\\\/shop\\\/location-mobil-homes-pays-basque\\\/jaizkibel\\\/\"]}]},{\"@type\":\"ImageObject\",\"inLanguage\":\"es\",\"@id\":\"https:\\\/\\\/www.camping-oyam.com\\\/shop\\\/location-mobil-homes-pays-basque\\\/jaizkibel\\\/#primaryimage\",\"url\":\"https:\\\/\\\/www.camping-oyam.com\\\/wp-content\\\/uploads\\\/2025\\\/10\\\/mobil-home-jaizkibel-3-camping-oyam-bidart.png\",\"contentUrl\":\"https:\\\/\\\/www.camping-oyam.com\\\/wp-content\\\/uploads\\\/2025\\\/10\\\/mobil-home-jaizkibel-3-camping-oyam-bidart.png\",\"width\":1200,\"height\":800,\"caption\":\"Mobil Home Jaizkibel 3 Camping Oyam Bidart\"},{\"@type\":\"BreadcrumbList\",\"@id\":\"https:\\\/\\\/www.camping-oyam.com\\\/shop\\\/location-mobil-homes-pays-basque\\\/jaizkibel\\\/#breadcrumb\",\"itemListElement\":[{\"@type\":\"ListItem\",\"position\":1,\"name\":\"Accueil\",\"item\":\"https:\\\/\\\/www.camping-oyam.com\\\/\"},{\"@type\":\"ListItem\",\"position\":2,\"name\":\"Tous nos h\u00e9bergements en camping au Pays Basque\",\"item\":\"https:\\\/\\\/www.camping-oyam.com\\\/tous-nos-hebergements\\\/\"},{\"@type\":\"ListItem\",\"position\":3,\"name\":\"Mobil-homes\",\"item\":\"https:\\\/\\\/www.camping-oyam.com\\\/categorie-produit\\\/location-mobil-homes-pays-basque\\\/\"},{\"@type\":\"ListItem\",\"position\":4,\"name\":\"Jaizkibel\"}]},{\"@type\":\"WebSite\",\"@id\":\"https:\\\/\\\/www.camping-oyam.com\\\/en\\\/#website\",\"url\":\"https:\\\/\\\/www.camping-oyam.com\\\/en\\\/\",\"name\":\"Camping Oyam Bidart\",\"description\":\"Pays Basque - Proche Biarritz\",\"publisher\":{\"@id\":\"https:\\\/\\\/www.camping-oyam.com\\\/en\\\/#organization\"},\"potentialAction\":[{\"@type\":\"SearchAction\",\"target\":{\"@type\":\"EntryPoint\",\"urlTemplate\":\"https:\\\/\\\/www.camping-oyam.com\\\/en\\\/?s={search_term_string}\"},\"query-input\":{\"@type\":\"PropertyValueSpecification\",\"valueRequired\":true,\"valueName\":\"search_term_string\"}}],\"inLanguage\":\"es\"},{\"@type\":\"Organization\",\"@id\":\"https:\\\/\\\/www.camping-oyam.com\\\/en\\\/#organization\",\"name\":\"Camping Oyam \u00e0 Bidart\",\"url\":\"https:\\\/\\\/www.camping-oyam.com\\\/en\\\/\",\"logo\":{\"@type\":\"ImageObject\",\"inLanguage\":\"es\",\"@id\":\"https:\\\/\\\/www.camping-oyam.com\\\/en\\\/#\\\/schema\\\/logo\\\/image\\\/\",\"url\":\"https:\\\/\\\/www.camping-oyam.com\\\/wp-content\\\/uploads\\\/2018\\\/11\\\/mobile_menu_home_oyam.png\",\"contentUrl\":\"https:\\\/\\\/www.camping-oyam.com\\\/wp-content\\\/uploads\\\/2018\\\/11\\\/mobile_menu_home_oyam.png\",\"width\":64,\"height\":64,\"caption\":\"Camping Oyam \u00e0 Bidart\"},\"image\":{\"@id\":\"https:\\\/\\\/www.camping-oyam.com\\\/en\\\/#\\\/schema\\\/logo\\\/image\\\/\"},\"sameAs\":[\"https:\\\/\\\/www.facebook.com\\\/Camping-Oyam-Bidart-Pays-Basque-160845007297162\\\/\",\"https:\\\/\\\/www.instagram.com\\\/camping_oyam_bidart\\\/\",\"https:\\\/\\\/www.youtube.com\\\/channel\\\/UCS6SC1fo1SAYGzNMGKbZ2PA\"]}]}<\/script>\n<!-- \/ Yoast SEO plugin. -->","yoast_head_json":{"title":"Mobil-home Jaizkibel para 4 personas en alquiler en Bidart","description":"Casa m\u00f3vil para 4 personas en alquiler cerca de Biarritz. \u00a1Descubre todos los alojamientos del Camping Oyam para tus vacaciones en el Pa\u00eds Vasco!","robots":{"index":"index","follow":"follow","max-snippet":"max-snippet:-1","max-image-preview":"max-image-preview:large","max-video-preview":"max-video-preview:-1"},"canonical":"https:\/\/www.camping-oyam.com\/es\/comercio\/alquiler-mobil-homes-pais-vasco\/jaizkibel\/","og_locale":"es_ES","og_type":"article","og_title":"Mobile home Jaizkibel 4 personnes en location \u00e0 Bidart","og_description":"Mobile home 4 personnes en location pr\u00e8s de Biarritz. D\u00e9couvrez toutes les locations du Camping Oyam pour vos vacances au Pays Basque !","og_url":"https:\/\/www.camping-oyam.com\/es\/comercio\/alquiler-mobil-homes-pais-vasco\/jaizkibel\/","og_site_name":"Camping Oyam Bidart","article_publisher":"https:\/\/www.facebook.com\/Camping-Oyam-Bidart-Pays-Basque-160845007297162\/","article_modified_time":"2026-04-20T12:28:12+00:00","og_image":[{"width":1200,"height":800,"url":"https:\/\/www.camping-oyam.com\/wp-content\/uploads\/2025\/10\/mobil-home-jaizkibel-3-camping-oyam-bidart.png","type":"image\/png"}],"twitter_card":"summary_large_image","twitter_misc":{"Tiempo de lectura":"1 minuto"},"schema":{"@context":"https:\/\/schema.org","@graph":[{"@type":"WebPage","@id":"https:\/\/www.camping-oyam.com\/shop\/location-mobil-homes-pays-basque\/jaizkibel\/","url":"https:\/\/www.camping-oyam.com\/shop\/location-mobil-homes-pays-basque\/jaizkibel\/","name":"Mobil-home Jaizkibel para 4 personas en alquiler en Bidart","isPartOf":{"@id":"https:\/\/www.camping-oyam.com\/en\/#website"},"primaryImageOfPage":{"@id":"https:\/\/www.camping-oyam.com\/shop\/location-mobil-homes-pays-basque\/jaizkibel\/#primaryimage"},"image":{"@id":"https:\/\/www.camping-oyam.com\/shop\/location-mobil-homes-pays-basque\/jaizkibel\/#primaryimage"},"thumbnailUrl":"https:\/\/www.camping-oyam.com\/wp-content\/uploads\/2025\/10\/mobil-home-jaizkibel-3-camping-oyam-bidart.png","datePublished":"2025-10-08T09:46:03+00:00","dateModified":"2026-04-20T12:28:12+00:00","description":"Casa m\u00f3vil para 4 personas en alquiler cerca de Biarritz. \u00a1Descubre todos los alojamientos del Camping Oyam para tus vacaciones en el Pa\u00eds Vasco!","breadcrumb":{"@id":"https:\/\/www.camping-oyam.com\/shop\/location-mobil-homes-pays-basque\/jaizkibel\/#breadcrumb"},"inLanguage":"es","potentialAction":[{"@type":"ReadAction","target":["https:\/\/www.camping-oyam.com\/shop\/location-mobil-homes-pays-basque\/jaizkibel\/"]}]},{"@type":"ImageObject","inLanguage":"es","@id":"https:\/\/www.camping-oyam.com\/shop\/location-mobil-homes-pays-basque\/jaizkibel\/#primaryimage","url":"https:\/\/www.camping-oyam.com\/wp-content\/uploads\/2025\/10\/mobil-home-jaizkibel-3-camping-oyam-bidart.png","contentUrl":"https:\/\/www.camping-oyam.com\/wp-content\/uploads\/2025\/10\/mobil-home-jaizkibel-3-camping-oyam-bidart.png","width":1200,"height":800,"caption":"Mobil Home Jaizkibel 3 Camping Oyam Bidart"},{"@type":"BreadcrumbList","@id":"https:\/\/www.camping-oyam.com\/shop\/location-mobil-homes-pays-basque\/jaizkibel\/#breadcrumb","itemListElement":[{"@type":"ListItem","position":1,"name":"Accueil","item":"https:\/\/www.camping-oyam.com\/"},{"@type":"ListItem","position":2,"name":"Tous nos h\u00e9bergements en camping au Pays Basque","item":"https:\/\/www.camping-oyam.com\/tous-nos-hebergements\/"},{"@type":"ListItem","position":3,"name":"Mobil-homes","item":"https:\/\/www.camping-oyam.com\/categorie-produit\/location-mobil-homes-pays-basque\/"},{"@type":"ListItem","position":4,"name":"Jaizkibel"}]},{"@type":"WebSite","@id":"https:\/\/www.camping-oyam.com\/en\/#website","url":"https:\/\/www.camping-oyam.com\/en\/","name":"Camping Oyam Bidart","description":"Pa\u00eds Vasco - Cerca de Biarritz","publisher":{"@id":"https:\/\/www.camping-oyam.com\/en\/#organization"},"potentialAction":[{"@type":"SearchAction","target":{"@type":"EntryPoint","urlTemplate":"https:\/\/www.camping-oyam.com\/en\/?s={search_term_string}"},"query-input":{"@type":"PropertyValueSpecification","valueRequired":true,"valueName":"search_term_string"}}],"inLanguage":"es"},{"@type":"Organization","@id":"https:\/\/www.camping-oyam.com\/en\/#organization","name":"Camping Oyam en Bidart","url":"https:\/\/www.camping-oyam.com\/en\/","logo":{"@type":"ImageObject","inLanguage":"es","@id":"https:\/\/www.camping-oyam.com\/en\/#\/schema\/logo\/image\/","url":"https:\/\/www.camping-oyam.com\/wp-content\/uploads\/2018\/11\/mobile_menu_home_oyam.png","contentUrl":"https:\/\/www.camping-oyam.com\/wp-content\/uploads\/2018\/11\/mobile_menu_home_oyam.png","width":64,"height":64,"caption":"Camping Oyam \u00e0 Bidart"},"image":{"@id":"https:\/\/www.camping-oyam.com\/en\/#\/schema\/logo\/image\/"},"sameAs":["https:\/\/www.facebook.com\/Camping-Oyam-Bidart-Pays-Basque-160845007297162\/","https:\/\/www.instagram.com\/camping_oyam_bidart\/","https:\/\/www.youtube.com\/channel\/UCS6SC1fo1SAYGzNMGKbZ2PA"]}]}},"_links":{"self":[{"href":"https:\/\/www.camping-oyam.com\/es\/wp-json\/wp\/v2\/product\/12646","targetHints":{"allow":["GET"]}}],"collection":[{"href":"https:\/\/www.camping-oyam.com\/es\/wp-json\/wp\/v2\/product"}],"about":[{"href":"https:\/\/www.camping-oyam.com\/es\/wp-json\/wp\/v2\/types\/product"}],"wp:featuredmedia":[{"embeddable":true,"href":"https:\/\/www.camping-oyam.com\/es\/wp-json\/wp\/v2\/media\/12647"}],"wp:attachment":[{"href":"https:\/\/www.camping-oyam.com\/es\/wp-json\/wp\/v2\/media?parent=12646"}],"wp:term":[{"taxonomy":"product_brand","embeddable":true,"href":"https:\/\/www.camping-oyam.com\/es\/wp-json\/wp\/v2\/product_brand?post=12646"},{"taxonomy":"product_cat","embeddable":true,"href":"https:\/\/www.camping-oyam.com\/es\/wp-json\/wp\/v2\/product_cat?post=12646"},{"taxonomy":"product_tag","embeddable":true,"href":"https:\/\/www.camping-oyam.com\/es\/wp-json\/wp\/v2\/product_tag?post=12646"}],"curies":[{"name":"gracias","href":"https:\/\/api.w.org\/{rel}","templated":true}]}}