{"id":854,"date":"2018-09-12T05:03:52","date_gmt":"2018-09-12T03:03:52","guid":{"rendered":"http:\/\/oyam.2gci.fr\/?post_type=product&#038;p=854"},"modified":"2026-04-20T14:41:53","modified_gmt":"2026-04-20T12:41:53","slug":"iguski-6-pertsona","status":"publish","type":"product","link":"https:\/\/www.camping-oyam.com\/eu\/shop\/location-mobil-homes-pays-basque\/iguski-6-personnes\/","title":{"rendered":"Iguski PMR"},"content":{"rendered":"<h2>Ostatuaren deskribapen osoa<\/h2>\n<p>Iguski etxe mugikorra mugikortasun murriztua duten pertsonentzat bereziki diseinatuta dago, erosotasuna eta praktikotasuna eskainiz. Bi logela dituenez, lau pertsona har ditzake eta egonaldi irisgarri eta atsegina bermatzen du familia osoarentzat.<\/p>\n<p>Bere terraza estaliak espazio aproposa eskaintzen du lasaitasun osoz erlaxatzeko eta kanpoaldeaz gozatzeko.<\/p>\n<p>Bidarteko 4 izarreko kanpin batean kokatua, ostatu honek erosotasun modernoa eta kalitate handiko zerbitzuak uztartzen ditu. Hondartzetatik, Biarritzeko erdigunetik eta Pirinio Atlantikoetako (64) toki ikusgarrietatik gertu egotea eskertuko duzu.<\/p>\n<p><em data-start=\"752\" data-end=\"787\">Argazkiak eta planoak ez dira kontratuzkoak.<\/em><\/p>","protected":false},"excerpt":{"rendered":"<p>Iguski etxe mugikorra, mugikortasun murriztua duten pertsonentzat egokitua, 4 lagunentzako 2 logela, terraza estali, telebista eta aire girotua dituena. Erosotasuna eta irisgarritasuna bermatuta daude Oyam kanpinean.<\/p>\n<p><em>Argazkiak eta planoak ez dira kontratuzkoak.<\/em><\/p>","protected":false},"featured_media":12230,"template":"","meta":{"_acf_changed":false,"_glsr_average":0,"_glsr_ranking":0,"_glsr_reviews":0},"product_brand":[],"product_cat":[290,40],"product_tag":[],"class_list":{"0":"post-854","1":"product","2":"type-product","3":"status-publish","4":"has-post-thumbnail","6":"product_cat-locations-4-personnes","7":"product_cat-location-mobil-homes-pays-basque","9":"first","10":"instock","11":"shipping-taxable","12":"product-type-simple"},"acf":[],"yoast_head":"<!-- This site is optimized with the Yoast SEO plugin v27.4 - https:\/\/yoast.com\/product\/yoast-seo-wordpress\/ -->\n<title>Mobile home Iguski 4 personnes en location \u00e0 Bidart<\/title>\n<meta name=\"description\" content=\"Mobile home Iguski pour 4 personnes en location \u00e0 Bidart au Pays Basque. D\u00e9couvrez les locations du Camping Oyam pour vos vacances sur la C\u00f4te Basque !\" \/>\n<meta name=\"robots\" content=\"index, follow, max-snippet:-1, max-image-preview:large, max-video-preview:-1\" \/>\n<link rel=\"canonical\" href=\"https:\/\/www.camping-oyam.com\/eu\/denda\/etxe-mugikorren-alokairua-euskal-herrian\/iguski-6-pertsona\/\" \/>\n<meta property=\"og:locale\" content=\"en_US\" \/>\n<meta property=\"og:type\" content=\"article\" \/>\n<meta property=\"og:title\" content=\"Mobile home Iguski 4 personnes en location \u00e0 Bidart\" \/>\n<meta property=\"og:description\" content=\"Mobile home Iguski pour 4 personnes en location \u00e0 Bidart au Pays Basque. D\u00e9couvrez les locations du Camping Oyam pour vos vacances sur la C\u00f4te Basque !\" \/>\n<meta property=\"og:url\" content=\"https:\/\/www.camping-oyam.com\/eu\/denda\/etxe-mugikorren-alokairua-euskal-herrian\/iguski-6-pertsona\/\" \/>\n<meta property=\"og:site_name\" content=\"Camping Oyam Bidart\" \/>\n<meta property=\"article:publisher\" content=\"https:\/\/www.facebook.com\/Camping-Oyam-Bidart-Pays-Basque-160845007297162\/\" \/>\n<meta property=\"article:modified_time\" content=\"2026-04-20T12:41:53+00:00\" \/>\n<meta property=\"og:image\" content=\"https:\/\/www.camping-oyam.com\/wp-content\/uploads\/2018\/09\/Mobil-Home-Iguski-Camping-Oyam-Bidart-1024x768.png\" \/>\n\t<meta property=\"og:image:width\" content=\"1024\" \/>\n\t<meta property=\"og:image:height\" content=\"768\" \/>\n\t<meta property=\"og:image:type\" content=\"image\/png\" \/>\n<meta name=\"twitter:card\" content=\"summary_large_image\" \/>\n<meta name=\"twitter:label1\" content=\"Est. reading time\" \/>\n\t<meta name=\"twitter:data1\" content=\"1 minutua\" \/>\n<script type=\"application\/ld+json\" class=\"yoast-schema-graph\">{\"@context\":\"https:\\\/\\\/schema.org\",\"@graph\":[{\"@type\":\"WebPage\",\"@id\":\"https:\\\/\\\/www.camping-oyam.com\\\/shop\\\/location-mobil-homes-pays-basque\\\/iguski-6-personnes\\\/\",\"url\":\"https:\\\/\\\/www.camping-oyam.com\\\/shop\\\/location-mobil-homes-pays-basque\\\/iguski-6-personnes\\\/\",\"name\":\"Mobile home Iguski 4 personnes en location \u00e0 Bidart\",\"isPartOf\":{\"@id\":\"https:\\\/\\\/www.camping-oyam.com\\\/en\\\/#website\"},\"primaryImageOfPage\":{\"@id\":\"https:\\\/\\\/www.camping-oyam.com\\\/shop\\\/location-mobil-homes-pays-basque\\\/iguski-6-personnes\\\/#primaryimage\"},\"image\":{\"@id\":\"https:\\\/\\\/www.camping-oyam.com\\\/shop\\\/location-mobil-homes-pays-basque\\\/iguski-6-personnes\\\/#primaryimage\"},\"thumbnailUrl\":\"https:\\\/\\\/www.camping-oyam.com\\\/wp-content\\\/uploads\\\/2018\\\/09\\\/Mobil-Home-Iguski-Camping-Oyam-Bidart.png\",\"datePublished\":\"2018-09-12T03:03:52+00:00\",\"dateModified\":\"2026-04-20T12:41:53+00:00\",\"description\":\"Mobile home Iguski pour 4 personnes en location \u00e0 Bidart au Pays Basque. D\u00e9couvrez les locations du Camping Oyam pour vos vacances sur la C\u00f4te Basque !\",\"breadcrumb\":{\"@id\":\"https:\\\/\\\/www.camping-oyam.com\\\/shop\\\/location-mobil-homes-pays-basque\\\/iguski-6-personnes\\\/#breadcrumb\"},\"inLanguage\":\"eu\",\"potentialAction\":[{\"@type\":\"ReadAction\",\"target\":[\"https:\\\/\\\/www.camping-oyam.com\\\/shop\\\/location-mobil-homes-pays-basque\\\/iguski-6-personnes\\\/\"]}]},{\"@type\":\"ImageObject\",\"inLanguage\":\"eu\",\"@id\":\"https:\\\/\\\/www.camping-oyam.com\\\/shop\\\/location-mobil-homes-pays-basque\\\/iguski-6-personnes\\\/#primaryimage\",\"url\":\"https:\\\/\\\/www.camping-oyam.com\\\/wp-content\\\/uploads\\\/2018\\\/09\\\/Mobil-Home-Iguski-Camping-Oyam-Bidart.png\",\"contentUrl\":\"https:\\\/\\\/www.camping-oyam.com\\\/wp-content\\\/uploads\\\/2018\\\/09\\\/Mobil-Home-Iguski-Camping-Oyam-Bidart.png\",\"width\":1400,\"height\":1050},{\"@type\":\"BreadcrumbList\",\"@id\":\"https:\\\/\\\/www.camping-oyam.com\\\/shop\\\/location-mobil-homes-pays-basque\\\/iguski-6-personnes\\\/#breadcrumb\",\"itemListElement\":[{\"@type\":\"ListItem\",\"position\":1,\"name\":\"Accueil\",\"item\":\"https:\\\/\\\/www.camping-oyam.com\\\/\"},{\"@type\":\"ListItem\",\"position\":2,\"name\":\"Tous nos h\u00e9bergements en camping au Pays Basque\",\"item\":\"https:\\\/\\\/www.camping-oyam.com\\\/tous-nos-hebergements\\\/\"},{\"@type\":\"ListItem\",\"position\":3,\"name\":\"Mobil-homes\",\"item\":\"https:\\\/\\\/www.camping-oyam.com\\\/categorie-produit\\\/location-mobil-homes-pays-basque\\\/\"},{\"@type\":\"ListItem\",\"position\":4,\"name\":\"Iguski PMR\"}]},{\"@type\":\"WebSite\",\"@id\":\"https:\\\/\\\/www.camping-oyam.com\\\/en\\\/#website\",\"url\":\"https:\\\/\\\/www.camping-oyam.com\\\/en\\\/\",\"name\":\"Camping Oyam Bidart\",\"description\":\"Pays Basque - Proche Biarritz\",\"publisher\":{\"@id\":\"https:\\\/\\\/www.camping-oyam.com\\\/en\\\/#organization\"},\"potentialAction\":[{\"@type\":\"SearchAction\",\"target\":{\"@type\":\"EntryPoint\",\"urlTemplate\":\"https:\\\/\\\/www.camping-oyam.com\\\/en\\\/?s={search_term_string}\"},\"query-input\":{\"@type\":\"PropertyValueSpecification\",\"valueRequired\":true,\"valueName\":\"search_term_string\"}}],\"inLanguage\":\"eu\"},{\"@type\":\"Organization\",\"@id\":\"https:\\\/\\\/www.camping-oyam.com\\\/en\\\/#organization\",\"name\":\"Camping Oyam \u00e0 Bidart\",\"url\":\"https:\\\/\\\/www.camping-oyam.com\\\/en\\\/\",\"logo\":{\"@type\":\"ImageObject\",\"inLanguage\":\"eu\",\"@id\":\"https:\\\/\\\/www.camping-oyam.com\\\/en\\\/#\\\/schema\\\/logo\\\/image\\\/\",\"url\":\"https:\\\/\\\/www.camping-oyam.com\\\/wp-content\\\/uploads\\\/2018\\\/11\\\/mobile_menu_home_oyam.png\",\"contentUrl\":\"https:\\\/\\\/www.camping-oyam.com\\\/wp-content\\\/uploads\\\/2018\\\/11\\\/mobile_menu_home_oyam.png\",\"width\":64,\"height\":64,\"caption\":\"Camping Oyam \u00e0 Bidart\"},\"image\":{\"@id\":\"https:\\\/\\\/www.camping-oyam.com\\\/en\\\/#\\\/schema\\\/logo\\\/image\\\/\"},\"sameAs\":[\"https:\\\/\\\/www.facebook.com\\\/Camping-Oyam-Bidart-Pays-Basque-160845007297162\\\/\",\"https:\\\/\\\/www.instagram.com\\\/camping_oyam_bidart\\\/\",\"https:\\\/\\\/www.youtube.com\\\/channel\\\/UCS6SC1fo1SAYGzNMGKbZ2PA\"]}]}<\/script>\n<!-- \/ Yoast SEO plugin. -->","yoast_head_json":{"title":"Iguski 4 pertsonentzako etxe mugikorra alokairuan Bidarten","description":"Iguski etxe mugikorra 4 pertsonentzat alokairuan Bidarten, Euskal Herrian. Ezagutu Camping Oyam-en alokairuak zure oporretarako Euskal Kostaldean!","robots":{"index":"index","follow":"follow","max-snippet":"max-snippet:-1","max-image-preview":"max-image-preview:large","max-video-preview":"max-video-preview:-1"},"canonical":"https:\/\/www.camping-oyam.com\/eu\/denda\/etxe-mugikorren-alokairua-euskal-herrian\/iguski-6-pertsona\/","og_locale":"en_US","og_type":"article","og_title":"Mobile home Iguski 4 personnes en location \u00e0 Bidart","og_description":"Mobile home Iguski pour 4 personnes en location \u00e0 Bidart au Pays Basque. D\u00e9couvrez les locations du Camping Oyam pour vos vacances sur la C\u00f4te Basque !","og_url":"https:\/\/www.camping-oyam.com\/eu\/denda\/etxe-mugikorren-alokairua-euskal-herrian\/iguski-6-pertsona\/","og_site_name":"Camping Oyam Bidart","article_publisher":"https:\/\/www.facebook.com\/Camping-Oyam-Bidart-Pays-Basque-160845007297162\/","article_modified_time":"2026-04-20T12:41:53+00:00","og_image":[{"width":1024,"height":768,"url":"https:\/\/www.camping-oyam.com\/wp-content\/uploads\/2018\/09\/Mobil-Home-Iguski-Camping-Oyam-Bidart-1024x768.png","type":"image\/png"}],"twitter_card":"summary_large_image","twitter_misc":{"Est. reading time":"1 minutua"},"schema":{"@context":"https:\/\/schema.org","@graph":[{"@type":"WebPage","@id":"https:\/\/www.camping-oyam.com\/shop\/location-mobil-homes-pays-basque\/iguski-6-personnes\/","url":"https:\/\/www.camping-oyam.com\/shop\/location-mobil-homes-pays-basque\/iguski-6-personnes\/","name":"Iguski 4 pertsonentzako etxe mugikorra alokairuan Bidarten","isPartOf":{"@id":"https:\/\/www.camping-oyam.com\/en\/#website"},"primaryImageOfPage":{"@id":"https:\/\/www.camping-oyam.com\/shop\/location-mobil-homes-pays-basque\/iguski-6-personnes\/#primaryimage"},"image":{"@id":"https:\/\/www.camping-oyam.com\/shop\/location-mobil-homes-pays-basque\/iguski-6-personnes\/#primaryimage"},"thumbnailUrl":"https:\/\/www.camping-oyam.com\/wp-content\/uploads\/2018\/09\/Mobil-Home-Iguski-Camping-Oyam-Bidart.png","datePublished":"2018-09-12T03:03:52+00:00","dateModified":"2026-04-20T12:41:53+00:00","description":"Iguski etxe mugikorra 4 pertsonentzat alokairuan Bidarten, Euskal Herrian. Ezagutu Camping Oyam-en alokairuak zure oporretarako Euskal Kostaldean!","breadcrumb":{"@id":"https:\/\/www.camping-oyam.com\/shop\/location-mobil-homes-pays-basque\/iguski-6-personnes\/#breadcrumb"},"inLanguage":"eu","potentialAction":[{"@type":"ReadAction","target":["https:\/\/www.camping-oyam.com\/shop\/location-mobil-homes-pays-basque\/iguski-6-personnes\/"]}]},{"@type":"ImageObject","inLanguage":"eu","@id":"https:\/\/www.camping-oyam.com\/shop\/location-mobil-homes-pays-basque\/iguski-6-personnes\/#primaryimage","url":"https:\/\/www.camping-oyam.com\/wp-content\/uploads\/2018\/09\/Mobil-Home-Iguski-Camping-Oyam-Bidart.png","contentUrl":"https:\/\/www.camping-oyam.com\/wp-content\/uploads\/2018\/09\/Mobil-Home-Iguski-Camping-Oyam-Bidart.png","width":1400,"height":1050},{"@type":"BreadcrumbList","@id":"https:\/\/www.camping-oyam.com\/shop\/location-mobil-homes-pays-basque\/iguski-6-personnes\/#breadcrumb","itemListElement":[{"@type":"ListItem","position":1,"name":"Accueil","item":"https:\/\/www.camping-oyam.com\/"},{"@type":"ListItem","position":2,"name":"Tous nos h\u00e9bergements en camping au Pays Basque","item":"https:\/\/www.camping-oyam.com\/tous-nos-hebergements\/"},{"@type":"ListItem","position":3,"name":"Mobil-homes","item":"https:\/\/www.camping-oyam.com\/categorie-produit\/location-mobil-homes-pays-basque\/"},{"@type":"ListItem","position":4,"name":"Iguski PMR"}]},{"@type":"WebSite","@id":"https:\/\/www.camping-oyam.com\/en\/#website","url":"https:\/\/www.camping-oyam.com\/en\/","name":"Camping Oyam Bidart","description":"Euskal Herria - Miarritze ondoan","publisher":{"@id":"https:\/\/www.camping-oyam.com\/en\/#organization"},"potentialAction":[{"@type":"SearchAction","target":{"@type":"EntryPoint","urlTemplate":"https:\/\/www.camping-oyam.com\/en\/?s={search_term_string}"},"query-input":{"@type":"PropertyValueSpecification","valueRequired":true,"valueName":"search_term_string"}}],"inLanguage":"eu"},{"@type":"Organization","@id":"https:\/\/www.camping-oyam.com\/en\/#organization","name":"Camping Oyam Bidarten","url":"https:\/\/www.camping-oyam.com\/en\/","logo":{"@type":"ImageObject","inLanguage":"eu","@id":"https:\/\/www.camping-oyam.com\/en\/#\/schema\/logo\/image\/","url":"https:\/\/www.camping-oyam.com\/wp-content\/uploads\/2018\/11\/mobile_menu_home_oyam.png","contentUrl":"https:\/\/www.camping-oyam.com\/wp-content\/uploads\/2018\/11\/mobile_menu_home_oyam.png","width":64,"height":64,"caption":"Camping Oyam \u00e0 Bidart"},"image":{"@id":"https:\/\/www.camping-oyam.com\/en\/#\/schema\/logo\/image\/"},"sameAs":["https:\/\/www.facebook.com\/Camping-Oyam-Bidart-Pays-Basque-160845007297162\/","https:\/\/www.instagram.com\/camping_oyam_bidart\/","https:\/\/www.youtube.com\/channel\/UCS6SC1fo1SAYGzNMGKbZ2PA"]}]}},"_links":{"self":[{"href":"https:\/\/www.camping-oyam.com\/eu\/wp-json\/wp\/v2\/product\/854","targetHints":{"allow":["GET"]}}],"collection":[{"href":"https:\/\/www.camping-oyam.com\/eu\/wp-json\/wp\/v2\/product"}],"about":[{"href":"https:\/\/www.camping-oyam.com\/eu\/wp-json\/wp\/v2\/types\/product"}],"wp:featuredmedia":[{"embeddable":true,"href":"https:\/\/www.camping-oyam.com\/eu\/wp-json\/wp\/v2\/media\/12230"}],"wp:attachment":[{"href":"https:\/\/www.camping-oyam.com\/eu\/wp-json\/wp\/v2\/media?parent=854"}],"wp:term":[{"taxonomy":"product_brand","embeddable":true,"href":"https:\/\/www.camping-oyam.com\/eu\/wp-json\/wp\/v2\/product_brand?post=854"},{"taxonomy":"product_cat","embeddable":true,"href":"https:\/\/www.camping-oyam.com\/eu\/wp-json\/wp\/v2\/product_cat?post=854"},{"taxonomy":"product_tag","embeddable":true,"href":"https:\/\/www.camping-oyam.com\/eu\/wp-json\/wp\/v2\/product_tag?post=854"}],"curies":[{"name":"wp","href":"https:\/\/api.w.org\/{rel}","templated":true}]}}