{"id":855,"date":"2018-09-12T05:05:11","date_gmt":"2018-09-12T03:05:11","guid":{"rendered":"http:\/\/oyam.2gci.fr\/?post_type=product&#038;p=855"},"modified":"2026-04-20T14:41:26","modified_gmt":"2026-04-20T12:41:26","slug":"ibardin","status":"publish","type":"product","link":"https:\/\/www.camping-oyam.com\/eu\/shop\/location-mobil-homes-pays-basque\/ibardin\/","title":{"rendered":"Ibardin"},"content":{"rendered":"<h2>Ostatuaren deskribapen osoa<\/h2>\n<p data-start=\"122\" data-end=\"464\">Ibardin etxe mugikorra (modelo vintage) erosotasuna eta sinpletasuna bilatzen duten familientzako ostatu ezin hobea da. Bi logela, egongela eta terraza estaliarekin, 4 pertsona arte har ditzake giro atsegin batean, zure aurrekontua errespetatuz.<\/p>\n<p data-start=\"466\" data-end=\"602\">9 urte baino gehiagoko antzinatasuna duen erreferentziazko modelo hau aukera aproposa da Euskal Herrian egonaldi atsegin batez gozatzeko.<\/p>\n<p data-start=\"856\" data-end=\"893\"><em data-start=\"856\" data-end=\"891\">Argazkiak eta planoak ez dira kontratuzkoak.<\/em><\/p>","protected":false},"excerpt":{"rendered":"<p data-start=\"856\" data-end=\"893\">Ibardin etxe mugikorra (modelo vintage), 4 pertsonentzako 2 logela, terraza estaliarekin, telebistarekin eta aire girotuarekin. Erosoa eta ekonomikoa, Ibardin etxe mugikorra aproposa da oporraldi merkeetarako.<\/p>\n<p data-start=\"856\" data-end=\"893\"><em data-start=\"856\" data-end=\"891\">Argazkiak eta planoak ez dira kontratuzkoak.<\/em><\/p>","protected":false},"featured_media":12732,"template":"","meta":{"_acf_changed":false,"_glsr_average":0,"_glsr_ranking":0,"_glsr_reviews":0},"product_brand":[],"product_cat":[290,40],"product_tag":[],"class_list":{"0":"post-855","1":"product","2":"type-product","3":"status-publish","4":"has-post-thumbnail","6":"product_cat-locations-4-personnes","7":"product_cat-location-mobil-homes-pays-basque","9":"first","10":"instock","11":"shipping-taxable","12":"product-type-simple"},"acf":[],"yoast_head":"<!-- This site is optimized with the Yoast SEO plugin v27.4 - https:\/\/yoast.com\/product\/yoast-seo-wordpress\/ -->\n<title>Mobile home 4 personnes avec climatisation \u00e0 Bidart<\/title>\n<meta name=\"description\" content=\"Mobile home Ibardin terrasse couverte pour 4 personnes en location \u00e0 Biarritz au Pays Basque. D\u00e9couvrez les locations du Camping Oyam sur la C\u00f4te Basque !\" \/>\n<meta name=\"robots\" content=\"index, follow, max-snippet:-1, max-image-preview:large, max-video-preview:-1\" \/>\n<link rel=\"canonical\" href=\"https:\/\/www.camping-oyam.com\/eu\/denda\/etxe-mugikorren-alokairua-euskal-herrian\/ibardin\/\" \/>\n<meta property=\"og:locale\" content=\"en_US\" \/>\n<meta property=\"og:type\" content=\"article\" \/>\n<meta property=\"og:title\" content=\"Mobile home 4 personnes avec climatisation \u00e0 Bidart\" \/>\n<meta property=\"og:description\" content=\"Mobile home Ibardin terrasse couverte pour 4 personnes en location \u00e0 Biarritz au Pays Basque. D\u00e9couvrez les locations du Camping Oyam sur la C\u00f4te Basque !\" \/>\n<meta property=\"og:url\" content=\"https:\/\/www.camping-oyam.com\/eu\/denda\/etxe-mugikorren-alokairua-euskal-herrian\/ibardin\/\" \/>\n<meta property=\"og:site_name\" content=\"Camping Oyam Bidart\" \/>\n<meta property=\"article:publisher\" content=\"https:\/\/www.facebook.com\/Camping-Oyam-Bidart-Pays-Basque-160845007297162\/\" \/>\n<meta property=\"article:modified_time\" content=\"2026-04-20T12:41:26+00:00\" \/>\n<meta property=\"og:image\" content=\"https:\/\/www.camping-oyam.com\/wp-content\/uploads\/2018\/09\/mobil-home-ibardin-3-camping-oyam-1.png\" \/>\n\t<meta property=\"og:image:width\" content=\"1200\" \/>\n\t<meta property=\"og:image:height\" content=\"800\" \/>\n\t<meta property=\"og:image:type\" content=\"image\/png\" \/>\n<meta name=\"twitter:card\" content=\"summary_large_image\" \/>\n<meta name=\"twitter:label1\" content=\"Est. reading time\" \/>\n\t<meta name=\"twitter:data1\" content=\"1 minutua\" \/>\n<script type=\"application\/ld+json\" class=\"yoast-schema-graph\">{\"@context\":\"https:\\\/\\\/schema.org\",\"@graph\":[{\"@type\":\"WebPage\",\"@id\":\"https:\\\/\\\/www.camping-oyam.com\\\/shop\\\/location-mobil-homes-pays-basque\\\/ibardin\\\/\",\"url\":\"https:\\\/\\\/www.camping-oyam.com\\\/shop\\\/location-mobil-homes-pays-basque\\\/ibardin\\\/\",\"name\":\"Mobile home 4 personnes avec climatisation \u00e0 Bidart\",\"isPartOf\":{\"@id\":\"https:\\\/\\\/www.camping-oyam.com\\\/en\\\/#website\"},\"primaryImageOfPage\":{\"@id\":\"https:\\\/\\\/www.camping-oyam.com\\\/shop\\\/location-mobil-homes-pays-basque\\\/ibardin\\\/#primaryimage\"},\"image\":{\"@id\":\"https:\\\/\\\/www.camping-oyam.com\\\/shop\\\/location-mobil-homes-pays-basque\\\/ibardin\\\/#primaryimage\"},\"thumbnailUrl\":\"https:\\\/\\\/www.camping-oyam.com\\\/wp-content\\\/uploads\\\/2018\\\/09\\\/mobil-home-ibardin-3-camping-oyam-1.png\",\"datePublished\":\"2018-09-12T03:05:11+00:00\",\"dateModified\":\"2026-04-20T12:41:26+00:00\",\"description\":\"Mobile home Ibardin terrasse couverte pour 4 personnes en location \u00e0 Biarritz au Pays Basque. D\u00e9couvrez les locations du Camping Oyam sur la C\u00f4te Basque !\",\"breadcrumb\":{\"@id\":\"https:\\\/\\\/www.camping-oyam.com\\\/shop\\\/location-mobil-homes-pays-basque\\\/ibardin\\\/#breadcrumb\"},\"inLanguage\":\"eu\",\"potentialAction\":[{\"@type\":\"ReadAction\",\"target\":[\"https:\\\/\\\/www.camping-oyam.com\\\/shop\\\/location-mobil-homes-pays-basque\\\/ibardin\\\/\"]}]},{\"@type\":\"ImageObject\",\"inLanguage\":\"eu\",\"@id\":\"https:\\\/\\\/www.camping-oyam.com\\\/shop\\\/location-mobil-homes-pays-basque\\\/ibardin\\\/#primaryimage\",\"url\":\"https:\\\/\\\/www.camping-oyam.com\\\/wp-content\\\/uploads\\\/2018\\\/09\\\/mobil-home-ibardin-3-camping-oyam-1.png\",\"contentUrl\":\"https:\\\/\\\/www.camping-oyam.com\\\/wp-content\\\/uploads\\\/2018\\\/09\\\/mobil-home-ibardin-3-camping-oyam-1.png\",\"width\":1200,\"height\":800,\"caption\":\"Mobil Home Ibardin 3 Camping Oyam\"},{\"@type\":\"BreadcrumbList\",\"@id\":\"https:\\\/\\\/www.camping-oyam.com\\\/shop\\\/location-mobil-homes-pays-basque\\\/ibardin\\\/#breadcrumb\",\"itemListElement\":[{\"@type\":\"ListItem\",\"position\":1,\"name\":\"Accueil\",\"item\":\"https:\\\/\\\/www.camping-oyam.com\\\/\"},{\"@type\":\"ListItem\",\"position\":2,\"name\":\"Tous nos h\u00e9bergements en camping au Pays Basque\",\"item\":\"https:\\\/\\\/www.camping-oyam.com\\\/tous-nos-hebergements\\\/\"},{\"@type\":\"ListItem\",\"position\":3,\"name\":\"Mobil-homes\",\"item\":\"https:\\\/\\\/www.camping-oyam.com\\\/categorie-produit\\\/location-mobil-homes-pays-basque\\\/\"},{\"@type\":\"ListItem\",\"position\":4,\"name\":\"Ibardin\"}]},{\"@type\":\"WebSite\",\"@id\":\"https:\\\/\\\/www.camping-oyam.com\\\/en\\\/#website\",\"url\":\"https:\\\/\\\/www.camping-oyam.com\\\/en\\\/\",\"name\":\"Camping Oyam Bidart\",\"description\":\"Pays Basque - Proche Biarritz\",\"publisher\":{\"@id\":\"https:\\\/\\\/www.camping-oyam.com\\\/en\\\/#organization\"},\"potentialAction\":[{\"@type\":\"SearchAction\",\"target\":{\"@type\":\"EntryPoint\",\"urlTemplate\":\"https:\\\/\\\/www.camping-oyam.com\\\/en\\\/?s={search_term_string}\"},\"query-input\":{\"@type\":\"PropertyValueSpecification\",\"valueRequired\":true,\"valueName\":\"search_term_string\"}}],\"inLanguage\":\"eu\"},{\"@type\":\"Organization\",\"@id\":\"https:\\\/\\\/www.camping-oyam.com\\\/en\\\/#organization\",\"name\":\"Camping Oyam \u00e0 Bidart\",\"url\":\"https:\\\/\\\/www.camping-oyam.com\\\/en\\\/\",\"logo\":{\"@type\":\"ImageObject\",\"inLanguage\":\"eu\",\"@id\":\"https:\\\/\\\/www.camping-oyam.com\\\/en\\\/#\\\/schema\\\/logo\\\/image\\\/\",\"url\":\"https:\\\/\\\/www.camping-oyam.com\\\/wp-content\\\/uploads\\\/2018\\\/11\\\/mobile_menu_home_oyam.png\",\"contentUrl\":\"https:\\\/\\\/www.camping-oyam.com\\\/wp-content\\\/uploads\\\/2018\\\/11\\\/mobile_menu_home_oyam.png\",\"width\":64,\"height\":64,\"caption\":\"Camping Oyam \u00e0 Bidart\"},\"image\":{\"@id\":\"https:\\\/\\\/www.camping-oyam.com\\\/en\\\/#\\\/schema\\\/logo\\\/image\\\/\"},\"sameAs\":[\"https:\\\/\\\/www.facebook.com\\\/Camping-Oyam-Bidart-Pays-Basque-160845007297162\\\/\",\"https:\\\/\\\/www.instagram.com\\\/camping_oyam_bidart\\\/\",\"https:\\\/\\\/www.youtube.com\\\/channel\\\/UCS6SC1fo1SAYGzNMGKbZ2PA\"]}]}<\/script>\n<!-- \/ Yoast SEO plugin. -->","yoast_head_json":{"title":"4 lagunentzako etxe mugikorra aire girotua Bidarten","description":"Ibardin etxe mugikorra, terraza estaliarekin, 4 lagunentzako alokairuan Biarritzen, Euskal Herrian. Ezagutu Camping Oyam-eko alokairuak, Euskal Kostaldean!","robots":{"index":"index","follow":"follow","max-snippet":"max-snippet:-1","max-image-preview":"max-image-preview:large","max-video-preview":"max-video-preview:-1"},"canonical":"https:\/\/www.camping-oyam.com\/eu\/denda\/etxe-mugikorren-alokairua-euskal-herrian\/ibardin\/","og_locale":"en_US","og_type":"article","og_title":"Mobile home 4 personnes avec climatisation \u00e0 Bidart","og_description":"Mobile home Ibardin terrasse couverte pour 4 personnes en location \u00e0 Biarritz au Pays Basque. D\u00e9couvrez les locations du Camping Oyam sur la C\u00f4te Basque !","og_url":"https:\/\/www.camping-oyam.com\/eu\/denda\/etxe-mugikorren-alokairua-euskal-herrian\/ibardin\/","og_site_name":"Camping Oyam Bidart","article_publisher":"https:\/\/www.facebook.com\/Camping-Oyam-Bidart-Pays-Basque-160845007297162\/","article_modified_time":"2026-04-20T12:41:26+00:00","og_image":[{"width":1200,"height":800,"url":"https:\/\/www.camping-oyam.com\/wp-content\/uploads\/2018\/09\/mobil-home-ibardin-3-camping-oyam-1.png","type":"image\/png"}],"twitter_card":"summary_large_image","twitter_misc":{"Est. reading time":"1 minutua"},"schema":{"@context":"https:\/\/schema.org","@graph":[{"@type":"WebPage","@id":"https:\/\/www.camping-oyam.com\/shop\/location-mobil-homes-pays-basque\/ibardin\/","url":"https:\/\/www.camping-oyam.com\/shop\/location-mobil-homes-pays-basque\/ibardin\/","name":"4 lagunentzako etxe mugikorra aire girotua Bidarten","isPartOf":{"@id":"https:\/\/www.camping-oyam.com\/en\/#website"},"primaryImageOfPage":{"@id":"https:\/\/www.camping-oyam.com\/shop\/location-mobil-homes-pays-basque\/ibardin\/#primaryimage"},"image":{"@id":"https:\/\/www.camping-oyam.com\/shop\/location-mobil-homes-pays-basque\/ibardin\/#primaryimage"},"thumbnailUrl":"https:\/\/www.camping-oyam.com\/wp-content\/uploads\/2018\/09\/mobil-home-ibardin-3-camping-oyam-1.png","datePublished":"2018-09-12T03:05:11+00:00","dateModified":"2026-04-20T12:41:26+00:00","description":"Ibardin etxe mugikorra, terraza estaliarekin, 4 lagunentzako alokairuan Biarritzen, Euskal Herrian. Ezagutu Camping Oyam-eko alokairuak, Euskal Kostaldean!","breadcrumb":{"@id":"https:\/\/www.camping-oyam.com\/shop\/location-mobil-homes-pays-basque\/ibardin\/#breadcrumb"},"inLanguage":"eu","potentialAction":[{"@type":"ReadAction","target":["https:\/\/www.camping-oyam.com\/shop\/location-mobil-homes-pays-basque\/ibardin\/"]}]},{"@type":"ImageObject","inLanguage":"eu","@id":"https:\/\/www.camping-oyam.com\/shop\/location-mobil-homes-pays-basque\/ibardin\/#primaryimage","url":"https:\/\/www.camping-oyam.com\/wp-content\/uploads\/2018\/09\/mobil-home-ibardin-3-camping-oyam-1.png","contentUrl":"https:\/\/www.camping-oyam.com\/wp-content\/uploads\/2018\/09\/mobil-home-ibardin-3-camping-oyam-1.png","width":1200,"height":800,"caption":"Mobil Home Ibardin 3 Camping Oyam"},{"@type":"BreadcrumbList","@id":"https:\/\/www.camping-oyam.com\/shop\/location-mobil-homes-pays-basque\/ibardin\/#breadcrumb","itemListElement":[{"@type":"ListItem","position":1,"name":"Accueil","item":"https:\/\/www.camping-oyam.com\/"},{"@type":"ListItem","position":2,"name":"Tous nos h\u00e9bergements en camping au Pays Basque","item":"https:\/\/www.camping-oyam.com\/tous-nos-hebergements\/"},{"@type":"ListItem","position":3,"name":"Mobil-homes","item":"https:\/\/www.camping-oyam.com\/categorie-produit\/location-mobil-homes-pays-basque\/"},{"@type":"ListItem","position":4,"name":"Ibardin"}]},{"@type":"WebSite","@id":"https:\/\/www.camping-oyam.com\/en\/#website","url":"https:\/\/www.camping-oyam.com\/en\/","name":"Camping Oyam Bidart","description":"Euskal Herria - Miarritze ondoan","publisher":{"@id":"https:\/\/www.camping-oyam.com\/en\/#organization"},"potentialAction":[{"@type":"SearchAction","target":{"@type":"EntryPoint","urlTemplate":"https:\/\/www.camping-oyam.com\/en\/?s={search_term_string}"},"query-input":{"@type":"PropertyValueSpecification","valueRequired":true,"valueName":"search_term_string"}}],"inLanguage":"eu"},{"@type":"Organization","@id":"https:\/\/www.camping-oyam.com\/en\/#organization","name":"Camping Oyam Bidarten","url":"https:\/\/www.camping-oyam.com\/en\/","logo":{"@type":"ImageObject","inLanguage":"eu","@id":"https:\/\/www.camping-oyam.com\/en\/#\/schema\/logo\/image\/","url":"https:\/\/www.camping-oyam.com\/wp-content\/uploads\/2018\/11\/mobile_menu_home_oyam.png","contentUrl":"https:\/\/www.camping-oyam.com\/wp-content\/uploads\/2018\/11\/mobile_menu_home_oyam.png","width":64,"height":64,"caption":"Camping Oyam \u00e0 Bidart"},"image":{"@id":"https:\/\/www.camping-oyam.com\/en\/#\/schema\/logo\/image\/"},"sameAs":["https:\/\/www.facebook.com\/Camping-Oyam-Bidart-Pays-Basque-160845007297162\/","https:\/\/www.instagram.com\/camping_oyam_bidart\/","https:\/\/www.youtube.com\/channel\/UCS6SC1fo1SAYGzNMGKbZ2PA"]}]}},"_links":{"self":[{"href":"https:\/\/www.camping-oyam.com\/eu\/wp-json\/wp\/v2\/product\/855","targetHints":{"allow":["GET"]}}],"collection":[{"href":"https:\/\/www.camping-oyam.com\/eu\/wp-json\/wp\/v2\/product"}],"about":[{"href":"https:\/\/www.camping-oyam.com\/eu\/wp-json\/wp\/v2\/types\/product"}],"wp:featuredmedia":[{"embeddable":true,"href":"https:\/\/www.camping-oyam.com\/eu\/wp-json\/wp\/v2\/media\/12732"}],"wp:attachment":[{"href":"https:\/\/www.camping-oyam.com\/eu\/wp-json\/wp\/v2\/media?parent=855"}],"wp:term":[{"taxonomy":"product_brand","embeddable":true,"href":"https:\/\/www.camping-oyam.com\/eu\/wp-json\/wp\/v2\/product_brand?post=855"},{"taxonomy":"product_cat","embeddable":true,"href":"https:\/\/www.camping-oyam.com\/eu\/wp-json\/wp\/v2\/product_cat?post=855"},{"taxonomy":"product_tag","embeddable":true,"href":"https:\/\/www.camping-oyam.com\/eu\/wp-json\/wp\/v2\/product_tag?post=855"}],"curies":[{"name":"wp","href":"https:\/\/api.w.org\/{rel}","templated":true}]}}