{"id":856,"date":"2018-09-12T05:06:14","date_gmt":"2018-09-12T03:06:14","guid":{"rendered":"http:\/\/oyam.2gci.fr\/?post_type=product&#038;p=856"},"modified":"2026-04-20T14:41:16","modified_gmt":"2026-04-20T12:41:16","slug":"baigura-6-7-lagun","status":"publish","type":"product","link":"https:\/\/www.camping-oyam.com\/eu\/shop\/location-mobil-homes-pays-basque\/baigura-6-7-personnes\/","title":{"rendered":"Baigura"},"content":{"rendered":"<h2>Ostatuaren deskribapen osoa<\/h2>\n<p data-start=\"111\" data-end=\"381\">Ba\u00efgura etxe mugikorra Bidarten egonaldi eroso bat gozatu nahi duten familia handientzat ostatu aproposa da. Hiru logela dituena, jantoki bereizia eta terraza estaliak eskertuko dituzu, eta aproposa da EAEko kostaldeko klima atseginaz gozatzeko. Ostatu atsegin eta funtzional hau erlaxazioa eta erosotasuna bilatzen duten familien beharrei erantzuteko diseinatuta dago.<\/p>\n<p data-start=\"855\" data-end=\"892\"><em data-start=\"855\" data-end=\"890\">Argazkiak eta planoak ez dira kontratuzkoak.<\/em><\/p>","protected":false},"excerpt":{"rendered":"<p>Ba\u00efgura etxe mugikorra, 6 lagunentzako 3 logela, jantoki bereiziarekin eta terraza estaliarekin, Bidarten, Euskal Herriaren bihotzean, familia oporraldi erosoetarako aproposa.<\/p>\n<p><em data-start=\"855\" data-end=\"890\">Argazkiak eta planoak ez dira kontratuzkoak.<\/em><\/p>","protected":false},"featured_media":12630,"template":"","meta":{"_acf_changed":false,"_glsr_average":0,"_glsr_ranking":0,"_glsr_reviews":0},"product_brand":[],"product_cat":[293,40],"product_tag":[],"class_list":{"0":"post-856","1":"product","2":"type-product","3":"status-publish","4":"has-post-thumbnail","6":"product_cat-locations-6-personnes","7":"product_cat-location-mobil-homes-pays-basque","9":"first","10":"instock","11":"shipping-taxable","12":"product-type-simple"},"acf":[],"yoast_head":"<!-- This site is optimized with the Yoast SEO plugin v27.4 - https:\/\/yoast.com\/product\/yoast-seo-wordpress\/ -->\n<title>Mobile home Baigura 6 personnes en location \u00e0 Bidart<\/title>\n<meta name=\"description\" content=\"Mobile home Baigura pour 6 personnes en location \u00e0 Bidart au Pays Basque. D\u00e9couvrez les locations du Camping Oyam pour vos vacances sur la C\u00f4te Basque !\" \/>\n<meta name=\"robots\" content=\"index, follow, max-snippet:-1, max-image-preview:large, max-video-preview:-1\" \/>\n<link rel=\"canonical\" href=\"https:\/\/www.camping-oyam.com\/eu\/denda\/etxe-mugikorren-alokairua-euskal-herrian\/baigura-6-7-lagun\/\" \/>\n<meta property=\"og:locale\" content=\"en_US\" \/>\n<meta property=\"og:type\" content=\"article\" \/>\n<meta property=\"og:title\" content=\"Mobile home Baigura 6 personnes en location \u00e0 Bidart\" \/>\n<meta property=\"og:description\" content=\"Mobile home Baigura pour 6 personnes en location \u00e0 Bidart au Pays Basque. D\u00e9couvrez les locations du Camping Oyam pour vos vacances sur la C\u00f4te Basque !\" \/>\n<meta property=\"og:url\" content=\"https:\/\/www.camping-oyam.com\/eu\/denda\/etxe-mugikorren-alokairua-euskal-herrian\/baigura-6-7-lagun\/\" \/>\n<meta property=\"og:site_name\" content=\"Camping Oyam Bidart\" \/>\n<meta property=\"article:publisher\" content=\"https:\/\/www.facebook.com\/Camping-Oyam-Bidart-Pays-Basque-160845007297162\/\" \/>\n<meta property=\"article:modified_time\" content=\"2026-04-20T12:41:16+00:00\" \/>\n<meta property=\"og:image\" content=\"https:\/\/www.camping-oyam.com\/wp-content\/uploads\/2018\/09\/camping-oyam-mobil-home-baigura-4-a-bidart-pays-basque.png\" \/>\n\t<meta property=\"og:image:width\" content=\"1200\" \/>\n\t<meta property=\"og:image:height\" content=\"800\" \/>\n\t<meta property=\"og:image:type\" content=\"image\/png\" \/>\n<meta name=\"twitter:card\" content=\"summary_large_image\" \/>\n<meta name=\"twitter:label1\" content=\"Est. reading time\" \/>\n\t<meta name=\"twitter:data1\" content=\"1 minutua\" \/>\n<script type=\"application\/ld+json\" class=\"yoast-schema-graph\">{\"@context\":\"https:\\\/\\\/schema.org\",\"@graph\":[{\"@type\":\"WebPage\",\"@id\":\"https:\\\/\\\/www.camping-oyam.com\\\/shop\\\/location-mobil-homes-pays-basque\\\/baigura-6-7-personnes\\\/\",\"url\":\"https:\\\/\\\/www.camping-oyam.com\\\/shop\\\/location-mobil-homes-pays-basque\\\/baigura-6-7-personnes\\\/\",\"name\":\"Mobile home Baigura 6 personnes en location \u00e0 Bidart\",\"isPartOf\":{\"@id\":\"https:\\\/\\\/www.camping-oyam.com\\\/en\\\/#website\"},\"primaryImageOfPage\":{\"@id\":\"https:\\\/\\\/www.camping-oyam.com\\\/shop\\\/location-mobil-homes-pays-basque\\\/baigura-6-7-personnes\\\/#primaryimage\"},\"image\":{\"@id\":\"https:\\\/\\\/www.camping-oyam.com\\\/shop\\\/location-mobil-homes-pays-basque\\\/baigura-6-7-personnes\\\/#primaryimage\"},\"thumbnailUrl\":\"https:\\\/\\\/www.camping-oyam.com\\\/wp-content\\\/uploads\\\/2018\\\/09\\\/camping-oyam-mobil-home-baigura-4-a-bidart-pays-basque.png\",\"datePublished\":\"2018-09-12T03:06:14+00:00\",\"dateModified\":\"2026-04-20T12:41:16+00:00\",\"description\":\"Mobile home Baigura pour 6 personnes en location \u00e0 Bidart au Pays Basque. D\u00e9couvrez les locations du Camping Oyam pour vos vacances sur la C\u00f4te Basque !\",\"breadcrumb\":{\"@id\":\"https:\\\/\\\/www.camping-oyam.com\\\/shop\\\/location-mobil-homes-pays-basque\\\/baigura-6-7-personnes\\\/#breadcrumb\"},\"inLanguage\":\"eu\",\"potentialAction\":[{\"@type\":\"ReadAction\",\"target\":[\"https:\\\/\\\/www.camping-oyam.com\\\/shop\\\/location-mobil-homes-pays-basque\\\/baigura-6-7-personnes\\\/\"]}]},{\"@type\":\"ImageObject\",\"inLanguage\":\"eu\",\"@id\":\"https:\\\/\\\/www.camping-oyam.com\\\/shop\\\/location-mobil-homes-pays-basque\\\/baigura-6-7-personnes\\\/#primaryimage\",\"url\":\"https:\\\/\\\/www.camping-oyam.com\\\/wp-content\\\/uploads\\\/2018\\\/09\\\/camping-oyam-mobil-home-baigura-4-a-bidart-pays-basque.png\",\"contentUrl\":\"https:\\\/\\\/www.camping-oyam.com\\\/wp-content\\\/uploads\\\/2018\\\/09\\\/camping-oyam-mobil-home-baigura-4-a-bidart-pays-basque.png\",\"width\":1200,\"height\":800,\"caption\":\"Camping Oyam Mobil Home Baigura 4 \u00e0 Bidart Pays Basque\"},{\"@type\":\"BreadcrumbList\",\"@id\":\"https:\\\/\\\/www.camping-oyam.com\\\/shop\\\/location-mobil-homes-pays-basque\\\/baigura-6-7-personnes\\\/#breadcrumb\",\"itemListElement\":[{\"@type\":\"ListItem\",\"position\":1,\"name\":\"Accueil\",\"item\":\"https:\\\/\\\/www.camping-oyam.com\\\/\"},{\"@type\":\"ListItem\",\"position\":2,\"name\":\"Tous nos h\u00e9bergements en camping au Pays Basque\",\"item\":\"https:\\\/\\\/www.camping-oyam.com\\\/tous-nos-hebergements\\\/\"},{\"@type\":\"ListItem\",\"position\":3,\"name\":\"Mobil-homes\",\"item\":\"https:\\\/\\\/www.camping-oyam.com\\\/categorie-produit\\\/location-mobil-homes-pays-basque\\\/\"},{\"@type\":\"ListItem\",\"position\":4,\"name\":\"Baigura\"}]},{\"@type\":\"WebSite\",\"@id\":\"https:\\\/\\\/www.camping-oyam.com\\\/en\\\/#website\",\"url\":\"https:\\\/\\\/www.camping-oyam.com\\\/en\\\/\",\"name\":\"Camping Oyam Bidart\",\"description\":\"Pays Basque - Proche Biarritz\",\"publisher\":{\"@id\":\"https:\\\/\\\/www.camping-oyam.com\\\/en\\\/#organization\"},\"potentialAction\":[{\"@type\":\"SearchAction\",\"target\":{\"@type\":\"EntryPoint\",\"urlTemplate\":\"https:\\\/\\\/www.camping-oyam.com\\\/en\\\/?s={search_term_string}\"},\"query-input\":{\"@type\":\"PropertyValueSpecification\",\"valueRequired\":true,\"valueName\":\"search_term_string\"}}],\"inLanguage\":\"eu\"},{\"@type\":\"Organization\",\"@id\":\"https:\\\/\\\/www.camping-oyam.com\\\/en\\\/#organization\",\"name\":\"Camping Oyam \u00e0 Bidart\",\"url\":\"https:\\\/\\\/www.camping-oyam.com\\\/en\\\/\",\"logo\":{\"@type\":\"ImageObject\",\"inLanguage\":\"eu\",\"@id\":\"https:\\\/\\\/www.camping-oyam.com\\\/en\\\/#\\\/schema\\\/logo\\\/image\\\/\",\"url\":\"https:\\\/\\\/www.camping-oyam.com\\\/wp-content\\\/uploads\\\/2018\\\/11\\\/mobile_menu_home_oyam.png\",\"contentUrl\":\"https:\\\/\\\/www.camping-oyam.com\\\/wp-content\\\/uploads\\\/2018\\\/11\\\/mobile_menu_home_oyam.png\",\"width\":64,\"height\":64,\"caption\":\"Camping Oyam \u00e0 Bidart\"},\"image\":{\"@id\":\"https:\\\/\\\/www.camping-oyam.com\\\/en\\\/#\\\/schema\\\/logo\\\/image\\\/\"},\"sameAs\":[\"https:\\\/\\\/www.facebook.com\\\/Camping-Oyam-Bidart-Pays-Basque-160845007297162\\\/\",\"https:\\\/\\\/www.instagram.com\\\/camping_oyam_bidart\\\/\",\"https:\\\/\\\/www.youtube.com\\\/channel\\\/UCS6SC1fo1SAYGzNMGKbZ2PA\"]}]}<\/script>\n<!-- \/ Yoast SEO plugin. -->","yoast_head_json":{"title":"Baigurako etxe mugikorra 6 pertsonentzat alokairuan Bidarten","description":"Baigura etxe mugikorra 6 pertsonentzat alokatzeko Bidarten, Euskal Herrian. Ezagutu Camping Oyam-en alokairuak zure oporretarako Euskal Kostaldean!","robots":{"index":"index","follow":"follow","max-snippet":"max-snippet:-1","max-image-preview":"max-image-preview:large","max-video-preview":"max-video-preview:-1"},"canonical":"https:\/\/www.camping-oyam.com\/eu\/denda\/etxe-mugikorren-alokairua-euskal-herrian\/baigura-6-7-lagun\/","og_locale":"en_US","og_type":"article","og_title":"Mobile home Baigura 6 personnes en location \u00e0 Bidart","og_description":"Mobile home Baigura pour 6 personnes en location \u00e0 Bidart au Pays Basque. D\u00e9couvrez les locations du Camping Oyam pour vos vacances sur la C\u00f4te Basque !","og_url":"https:\/\/www.camping-oyam.com\/eu\/denda\/etxe-mugikorren-alokairua-euskal-herrian\/baigura-6-7-lagun\/","og_site_name":"Camping Oyam Bidart","article_publisher":"https:\/\/www.facebook.com\/Camping-Oyam-Bidart-Pays-Basque-160845007297162\/","article_modified_time":"2026-04-20T12:41:16+00:00","og_image":[{"width":1200,"height":800,"url":"https:\/\/www.camping-oyam.com\/wp-content\/uploads\/2018\/09\/camping-oyam-mobil-home-baigura-4-a-bidart-pays-basque.png","type":"image\/png"}],"twitter_card":"summary_large_image","twitter_misc":{"Est. reading time":"1 minutua"},"schema":{"@context":"https:\/\/schema.org","@graph":[{"@type":"WebPage","@id":"https:\/\/www.camping-oyam.com\/shop\/location-mobil-homes-pays-basque\/baigura-6-7-personnes\/","url":"https:\/\/www.camping-oyam.com\/shop\/location-mobil-homes-pays-basque\/baigura-6-7-personnes\/","name":"Baigurako etxe mugikorra 6 pertsonentzat alokairuan Bidarten","isPartOf":{"@id":"https:\/\/www.camping-oyam.com\/en\/#website"},"primaryImageOfPage":{"@id":"https:\/\/www.camping-oyam.com\/shop\/location-mobil-homes-pays-basque\/baigura-6-7-personnes\/#primaryimage"},"image":{"@id":"https:\/\/www.camping-oyam.com\/shop\/location-mobil-homes-pays-basque\/baigura-6-7-personnes\/#primaryimage"},"thumbnailUrl":"https:\/\/www.camping-oyam.com\/wp-content\/uploads\/2018\/09\/camping-oyam-mobil-home-baigura-4-a-bidart-pays-basque.png","datePublished":"2018-09-12T03:06:14+00:00","dateModified":"2026-04-20T12:41:16+00:00","description":"Baigura etxe mugikorra 6 pertsonentzat alokatzeko Bidarten, Euskal Herrian. Ezagutu Camping Oyam-en alokairuak zure oporretarako Euskal Kostaldean!","breadcrumb":{"@id":"https:\/\/www.camping-oyam.com\/shop\/location-mobil-homes-pays-basque\/baigura-6-7-personnes\/#breadcrumb"},"inLanguage":"eu","potentialAction":[{"@type":"ReadAction","target":["https:\/\/www.camping-oyam.com\/shop\/location-mobil-homes-pays-basque\/baigura-6-7-personnes\/"]}]},{"@type":"ImageObject","inLanguage":"eu","@id":"https:\/\/www.camping-oyam.com\/shop\/location-mobil-homes-pays-basque\/baigura-6-7-personnes\/#primaryimage","url":"https:\/\/www.camping-oyam.com\/wp-content\/uploads\/2018\/09\/camping-oyam-mobil-home-baigura-4-a-bidart-pays-basque.png","contentUrl":"https:\/\/www.camping-oyam.com\/wp-content\/uploads\/2018\/09\/camping-oyam-mobil-home-baigura-4-a-bidart-pays-basque.png","width":1200,"height":800,"caption":"Camping Oyam Mobil Home Baigura 4 \u00e0 Bidart Pays Basque"},{"@type":"BreadcrumbList","@id":"https:\/\/www.camping-oyam.com\/shop\/location-mobil-homes-pays-basque\/baigura-6-7-personnes\/#breadcrumb","itemListElement":[{"@type":"ListItem","position":1,"name":"Accueil","item":"https:\/\/www.camping-oyam.com\/"},{"@type":"ListItem","position":2,"name":"Tous nos h\u00e9bergements en camping au Pays Basque","item":"https:\/\/www.camping-oyam.com\/tous-nos-hebergements\/"},{"@type":"ListItem","position":3,"name":"Mobil-homes","item":"https:\/\/www.camping-oyam.com\/categorie-produit\/location-mobil-homes-pays-basque\/"},{"@type":"ListItem","position":4,"name":"Baigura"}]},{"@type":"WebSite","@id":"https:\/\/www.camping-oyam.com\/en\/#website","url":"https:\/\/www.camping-oyam.com\/en\/","name":"Camping Oyam Bidart","description":"Euskal Herria - Miarritze ondoan","publisher":{"@id":"https:\/\/www.camping-oyam.com\/en\/#organization"},"potentialAction":[{"@type":"SearchAction","target":{"@type":"EntryPoint","urlTemplate":"https:\/\/www.camping-oyam.com\/en\/?s={search_term_string}"},"query-input":{"@type":"PropertyValueSpecification","valueRequired":true,"valueName":"search_term_string"}}],"inLanguage":"eu"},{"@type":"Organization","@id":"https:\/\/www.camping-oyam.com\/en\/#organization","name":"Camping Oyam Bidarten","url":"https:\/\/www.camping-oyam.com\/en\/","logo":{"@type":"ImageObject","inLanguage":"eu","@id":"https:\/\/www.camping-oyam.com\/en\/#\/schema\/logo\/image\/","url":"https:\/\/www.camping-oyam.com\/wp-content\/uploads\/2018\/11\/mobile_menu_home_oyam.png","contentUrl":"https:\/\/www.camping-oyam.com\/wp-content\/uploads\/2018\/11\/mobile_menu_home_oyam.png","width":64,"height":64,"caption":"Camping Oyam \u00e0 Bidart"},"image":{"@id":"https:\/\/www.camping-oyam.com\/en\/#\/schema\/logo\/image\/"},"sameAs":["https:\/\/www.facebook.com\/Camping-Oyam-Bidart-Pays-Basque-160845007297162\/","https:\/\/www.instagram.com\/camping_oyam_bidart\/","https:\/\/www.youtube.com\/channel\/UCS6SC1fo1SAYGzNMGKbZ2PA"]}]}},"_links":{"self":[{"href":"https:\/\/www.camping-oyam.com\/eu\/wp-json\/wp\/v2\/product\/856","targetHints":{"allow":["GET"]}}],"collection":[{"href":"https:\/\/www.camping-oyam.com\/eu\/wp-json\/wp\/v2\/product"}],"about":[{"href":"https:\/\/www.camping-oyam.com\/eu\/wp-json\/wp\/v2\/types\/product"}],"wp:featuredmedia":[{"embeddable":true,"href":"https:\/\/www.camping-oyam.com\/eu\/wp-json\/wp\/v2\/media\/12630"}],"wp:attachment":[{"href":"https:\/\/www.camping-oyam.com\/eu\/wp-json\/wp\/v2\/media?parent=856"}],"wp:term":[{"taxonomy":"product_brand","embeddable":true,"href":"https:\/\/www.camping-oyam.com\/eu\/wp-json\/wp\/v2\/product_brand?post=856"},{"taxonomy":"product_cat","embeddable":true,"href":"https:\/\/www.camping-oyam.com\/eu\/wp-json\/wp\/v2\/product_cat?post=856"},{"taxonomy":"product_tag","embeddable":true,"href":"https:\/\/www.camping-oyam.com\/eu\/wp-json\/wp\/v2\/product_tag?post=856"}],"curies":[{"name":"wp","href":"https:\/\/api.w.org\/{rel}","templated":true}]}}