{"id":870,"date":"2018-09-12T05:22:05","date_gmt":"2018-09-12T03:22:05","guid":{"rendered":"http:\/\/oyam.2gci.fr\/?post_type=product&#038;p=870"},"modified":"2026-04-20T14:39:52","modified_gmt":"2026-04-20T12:39:52","slug":"sari-3-pertsona","status":"publish","type":"product","link":"https:\/\/www.camping-oyam.com\/eu\/shop\/location-camping-pays-basque\/location-appartement-vacances\/bounty-3-personnes\/","title":{"rendered":"Saria"},"content":{"rendered":"<h2>Ostatuaren deskribapen osoa<\/h2>\n<p data-start=\"110\" data-end=\"259\">Intimoa eta erosoa, Bounty apartamentua bikote, familia edo lagunarteko egonaldirako aproposa da, gehienez 3 pertsonarentzat.<\/p>\n<p data-start=\"261\" data-end=\"473\">Bidarteko erdigunetik 800 metrora eta Biarritzetik 5 minutura kokatuta, erraz ezagutzeko aukera ematen dizu, ostatu eroso baten erosotasunaz gozatuz.<\/p>\n<p data-start=\"475\" data-end=\"644\">Izarpean *** egoitzan ostatu hartuta, Oyam kanpineko zerbitzuez eta aisialdiez ere baliatu zaitezke.<\/p>\n<p data-start=\"646\" data-end=\"863\">Trinkoa baina oso merkea, Bounty apartamentuak diruaren balio bikainagatik ere txunditzen du. Erosotasun handiagoa lortzeko, aparkaleku bat barne hartzen du zure egonaldia errazteko.<\/p>\n<p data-start=\"865\" data-end=\"902\"><em data-start=\"865\" data-end=\"900\">Argazkiak eta planoak ez dira kontratuzkoak.<\/em><\/p>\n<p>&nbsp;<\/p>","protected":false},"excerpt":{"rendered":"<p>Bounty apartamentua, 2 edo 3 pertsonentzako ostatu erosoa, Oyam kanpineko erosotasunetarako sarbidea eta aparkaleku bat barne dituena. Biarritz ondoan egonaldi eroso eta merke bat egiteko aproposa.<\/p>\n<p>Argazkiak eta planoak ez dira kontratuzkoak.<\/p>\n<p>&nbsp;<\/p>","protected":false},"featured_media":1232,"template":"","meta":{"_acf_changed":false,"_glsr_average":0,"_glsr_ranking":0,"_glsr_reviews":0},"product_brand":[],"product_cat":[289,45],"product_tag":[],"class_list":{"0":"post-870","1":"product","2":"type-product","3":"status-publish","4":"has-post-thumbnail","6":"product_cat-locations-2-personnes","7":"product_cat-location-appartement-vacances","9":"first","10":"instock","11":"shipping-taxable","12":"product-type-simple"},"acf":[],"yoast_head":"<!-- This site is optimized with the Yoast SEO plugin v27.4 - https:\/\/yoast.com\/product\/yoast-seo-wordpress\/ -->\n<title>Appartement Bounty 2-3 personnes en location \u00e0 Bidart<\/title>\n<meta name=\"description\" content=\"Appartement Bounty 3 personnes en location \u00e0 Biarritz au Pays Basque. D\u00e9couvrez toutes les locations du Camping Oyam pour vos vacances sur la C\u00f4te Basque !\" \/>\n<meta name=\"robots\" content=\"index, follow, max-snippet:-1, max-image-preview:large, max-video-preview:-1\" \/>\n<link rel=\"canonical\" href=\"https:\/\/www.camping-oyam.com\/eu\/denda\/euskal-herriko-kanpinen-alokairua\/oporretako-apartamentu-alokairua\/sari-3-pertsona\/\" \/>\n<meta property=\"og:locale\" content=\"en_US\" \/>\n<meta property=\"og:type\" content=\"article\" \/>\n<meta property=\"og:title\" content=\"Appartement Bounty 2-3 personnes en location \u00e0 Bidart\" \/>\n<meta property=\"og:description\" content=\"Appartement Bounty 3 personnes en location \u00e0 Biarritz au Pays Basque. D\u00e9couvrez toutes les locations du Camping Oyam pour vos vacances sur la C\u00f4te Basque !\" \/>\n<meta property=\"og:url\" content=\"https:\/\/www.camping-oyam.com\/eu\/denda\/euskal-herriko-kanpinen-alokairua\/oporretako-apartamentu-alokairua\/sari-3-pertsona\/\" \/>\n<meta property=\"og:site_name\" content=\"Camping Oyam Bidart\" \/>\n<meta property=\"article:publisher\" content=\"https:\/\/www.facebook.com\/Camping-Oyam-Bidart-Pays-Basque-160845007297162\/\" \/>\n<meta property=\"article:modified_time\" content=\"2026-04-20T12:39:52+00:00\" \/>\n<meta property=\"og:image\" content=\"https:\/\/www.camping-oyam.com\/wp-content\/uploads\/2018\/09\/location-appartement-1-chambre-de-vacances-bidart-biarritz.jpg\" \/>\n\t<meta property=\"og:image:width\" content=\"720\" \/>\n\t<meta property=\"og:image:height\" content=\"540\" \/>\n\t<meta property=\"og:image:type\" content=\"image\/jpeg\" \/>\n<meta name=\"twitter:card\" content=\"summary_large_image\" \/>\n<meta name=\"twitter:label1\" content=\"Est. reading time\" \/>\n\t<meta name=\"twitter:data1\" content=\"1 minutua\" \/>\n<script type=\"application\/ld+json\" class=\"yoast-schema-graph\">{\"@context\":\"https:\\\/\\\/schema.org\",\"@graph\":[{\"@type\":\"WebPage\",\"@id\":\"https:\\\/\\\/www.camping-oyam.com\\\/shop\\\/location-camping-pays-basque\\\/location-appartement-vacances\\\/bounty-3-personnes\\\/\",\"url\":\"https:\\\/\\\/www.camping-oyam.com\\\/shop\\\/location-camping-pays-basque\\\/location-appartement-vacances\\\/bounty-3-personnes\\\/\",\"name\":\"Appartement Bounty 2-3 personnes en location \u00e0 Bidart\",\"isPartOf\":{\"@id\":\"https:\\\/\\\/www.camping-oyam.com\\\/en\\\/#website\"},\"primaryImageOfPage\":{\"@id\":\"https:\\\/\\\/www.camping-oyam.com\\\/shop\\\/location-camping-pays-basque\\\/location-appartement-vacances\\\/bounty-3-personnes\\\/#primaryimage\"},\"image\":{\"@id\":\"https:\\\/\\\/www.camping-oyam.com\\\/shop\\\/location-camping-pays-basque\\\/location-appartement-vacances\\\/bounty-3-personnes\\\/#primaryimage\"},\"thumbnailUrl\":\"https:\\\/\\\/www.camping-oyam.com\\\/wp-content\\\/uploads\\\/2018\\\/09\\\/location-appartement-1-chambre-de-vacances-bidart-biarritz.jpg\",\"datePublished\":\"2018-09-12T03:22:05+00:00\",\"dateModified\":\"2026-04-20T12:39:52+00:00\",\"description\":\"Appartement Bounty 3 personnes en location \u00e0 Biarritz au Pays Basque. D\u00e9couvrez toutes les locations du Camping Oyam pour vos vacances sur la C\u00f4te Basque !\",\"breadcrumb\":{\"@id\":\"https:\\\/\\\/www.camping-oyam.com\\\/shop\\\/location-camping-pays-basque\\\/location-appartement-vacances\\\/bounty-3-personnes\\\/#breadcrumb\"},\"inLanguage\":\"eu\",\"potentialAction\":[{\"@type\":\"ReadAction\",\"target\":[\"https:\\\/\\\/www.camping-oyam.com\\\/shop\\\/location-camping-pays-basque\\\/location-appartement-vacances\\\/bounty-3-personnes\\\/\"]}]},{\"@type\":\"ImageObject\",\"inLanguage\":\"eu\",\"@id\":\"https:\\\/\\\/www.camping-oyam.com\\\/shop\\\/location-camping-pays-basque\\\/location-appartement-vacances\\\/bounty-3-personnes\\\/#primaryimage\",\"url\":\"https:\\\/\\\/www.camping-oyam.com\\\/wp-content\\\/uploads\\\/2018\\\/09\\\/location-appartement-1-chambre-de-vacances-bidart-biarritz.jpg\",\"contentUrl\":\"https:\\\/\\\/www.camping-oyam.com\\\/wp-content\\\/uploads\\\/2018\\\/09\\\/location-appartement-1-chambre-de-vacances-bidart-biarritz.jpg\",\"width\":720,\"height\":540},{\"@type\":\"BreadcrumbList\",\"@id\":\"https:\\\/\\\/www.camping-oyam.com\\\/shop\\\/location-camping-pays-basque\\\/location-appartement-vacances\\\/bounty-3-personnes\\\/#breadcrumb\",\"itemListElement\":[{\"@type\":\"ListItem\",\"position\":1,\"name\":\"Accueil\",\"item\":\"https:\\\/\\\/www.camping-oyam.com\\\/\"},{\"@type\":\"ListItem\",\"position\":2,\"name\":\"Tous nos h\u00e9bergements en camping au Pays Basque\",\"item\":\"https:\\\/\\\/www.camping-oyam.com\\\/tous-nos-hebergements\\\/\"},{\"@type\":\"ListItem\",\"position\":3,\"name\":\"Nos autres h\u00e9bergements en location\",\"item\":\"https:\\\/\\\/www.camping-oyam.com\\\/categorie-produit\\\/location-camping-pays-basque\\\/\"},{\"@type\":\"ListItem\",\"position\":4,\"name\":\"Appartements\",\"item\":\"https:\\\/\\\/www.camping-oyam.com\\\/categorie-produit\\\/location-camping-pays-basque\\\/location-appartement-vacances\\\/\"},{\"@type\":\"ListItem\",\"position\":5,\"name\":\"Bounty\"}]},{\"@type\":\"WebSite\",\"@id\":\"https:\\\/\\\/www.camping-oyam.com\\\/en\\\/#website\",\"url\":\"https:\\\/\\\/www.camping-oyam.com\\\/en\\\/\",\"name\":\"Camping Oyam Bidart\",\"description\":\"Pays Basque - Proche Biarritz\",\"publisher\":{\"@id\":\"https:\\\/\\\/www.camping-oyam.com\\\/en\\\/#organization\"},\"potentialAction\":[{\"@type\":\"SearchAction\",\"target\":{\"@type\":\"EntryPoint\",\"urlTemplate\":\"https:\\\/\\\/www.camping-oyam.com\\\/en\\\/?s={search_term_string}\"},\"query-input\":{\"@type\":\"PropertyValueSpecification\",\"valueRequired\":true,\"valueName\":\"search_term_string\"}}],\"inLanguage\":\"eu\"},{\"@type\":\"Organization\",\"@id\":\"https:\\\/\\\/www.camping-oyam.com\\\/en\\\/#organization\",\"name\":\"Camping Oyam \u00e0 Bidart\",\"url\":\"https:\\\/\\\/www.camping-oyam.com\\\/en\\\/\",\"logo\":{\"@type\":\"ImageObject\",\"inLanguage\":\"eu\",\"@id\":\"https:\\\/\\\/www.camping-oyam.com\\\/en\\\/#\\\/schema\\\/logo\\\/image\\\/\",\"url\":\"https:\\\/\\\/www.camping-oyam.com\\\/wp-content\\\/uploads\\\/2018\\\/11\\\/mobile_menu_home_oyam.png\",\"contentUrl\":\"https:\\\/\\\/www.camping-oyam.com\\\/wp-content\\\/uploads\\\/2018\\\/11\\\/mobile_menu_home_oyam.png\",\"width\":64,\"height\":64,\"caption\":\"Camping Oyam \u00e0 Bidart\"},\"image\":{\"@id\":\"https:\\\/\\\/www.camping-oyam.com\\\/en\\\/#\\\/schema\\\/logo\\\/image\\\/\"},\"sameAs\":[\"https:\\\/\\\/www.facebook.com\\\/Camping-Oyam-Bidart-Pays-Basque-160845007297162\\\/\",\"https:\\\/\\\/www.instagram.com\\\/camping_oyam_bidart\\\/\",\"https:\\\/\\\/www.youtube.com\\\/channel\\\/UCS6SC1fo1SAYGzNMGKbZ2PA\"]}]}<\/script>\n<!-- \/ Yoast SEO plugin. -->","yoast_head_json":{"title":"Bidarten 2-3 pertsonentzako Bounty apartamentua alokairuan","description":"3 pertsonentzako Bounty apartamentua alokatzeko eskuragarri Biarritzen, Euskal Herrian. Ezagutu Oyam kanpineko alokairu guztiak zure Euzkal Kostaldeko oporretarako!","robots":{"index":"index","follow":"follow","max-snippet":"max-snippet:-1","max-image-preview":"max-image-preview:large","max-video-preview":"max-video-preview:-1"},"canonical":"https:\/\/www.camping-oyam.com\/eu\/denda\/euskal-herriko-kanpinen-alokairua\/oporretako-apartamentu-alokairua\/sari-3-pertsona\/","og_locale":"en_US","og_type":"article","og_title":"Appartement Bounty 2-3 personnes en location \u00e0 Bidart","og_description":"Appartement Bounty 3 personnes en location \u00e0 Biarritz au Pays Basque. D\u00e9couvrez toutes les locations du Camping Oyam pour vos vacances sur la C\u00f4te Basque !","og_url":"https:\/\/www.camping-oyam.com\/eu\/denda\/euskal-herriko-kanpinen-alokairua\/oporretako-apartamentu-alokairua\/sari-3-pertsona\/","og_site_name":"Camping Oyam Bidart","article_publisher":"https:\/\/www.facebook.com\/Camping-Oyam-Bidart-Pays-Basque-160845007297162\/","article_modified_time":"2026-04-20T12:39:52+00:00","og_image":[{"width":720,"height":540,"url":"https:\/\/www.camping-oyam.com\/wp-content\/uploads\/2018\/09\/location-appartement-1-chambre-de-vacances-bidart-biarritz.jpg","type":"image\/jpeg"}],"twitter_card":"summary_large_image","twitter_misc":{"Est. reading time":"1 minutua"},"schema":{"@context":"https:\/\/schema.org","@graph":[{"@type":"WebPage","@id":"https:\/\/www.camping-oyam.com\/shop\/location-camping-pays-basque\/location-appartement-vacances\/bounty-3-personnes\/","url":"https:\/\/www.camping-oyam.com\/shop\/location-camping-pays-basque\/location-appartement-vacances\/bounty-3-personnes\/","name":"Bidarten 2-3 pertsonentzako Bounty apartamentua alokairuan","isPartOf":{"@id":"https:\/\/www.camping-oyam.com\/en\/#website"},"primaryImageOfPage":{"@id":"https:\/\/www.camping-oyam.com\/shop\/location-camping-pays-basque\/location-appartement-vacances\/bounty-3-personnes\/#primaryimage"},"image":{"@id":"https:\/\/www.camping-oyam.com\/shop\/location-camping-pays-basque\/location-appartement-vacances\/bounty-3-personnes\/#primaryimage"},"thumbnailUrl":"https:\/\/www.camping-oyam.com\/wp-content\/uploads\/2018\/09\/location-appartement-1-chambre-de-vacances-bidart-biarritz.jpg","datePublished":"2018-09-12T03:22:05+00:00","dateModified":"2026-04-20T12:39:52+00:00","description":"3 pertsonentzako Bounty apartamentua alokatzeko eskuragarri Biarritzen, Euskal Herrian. Ezagutu Oyam kanpineko alokairu guztiak zure Euzkal Kostaldeko oporretarako!","breadcrumb":{"@id":"https:\/\/www.camping-oyam.com\/shop\/location-camping-pays-basque\/location-appartement-vacances\/bounty-3-personnes\/#breadcrumb"},"inLanguage":"eu","potentialAction":[{"@type":"ReadAction","target":["https:\/\/www.camping-oyam.com\/shop\/location-camping-pays-basque\/location-appartement-vacances\/bounty-3-personnes\/"]}]},{"@type":"ImageObject","inLanguage":"eu","@id":"https:\/\/www.camping-oyam.com\/shop\/location-camping-pays-basque\/location-appartement-vacances\/bounty-3-personnes\/#primaryimage","url":"https:\/\/www.camping-oyam.com\/wp-content\/uploads\/2018\/09\/location-appartement-1-chambre-de-vacances-bidart-biarritz.jpg","contentUrl":"https:\/\/www.camping-oyam.com\/wp-content\/uploads\/2018\/09\/location-appartement-1-chambre-de-vacances-bidart-biarritz.jpg","width":720,"height":540},{"@type":"BreadcrumbList","@id":"https:\/\/www.camping-oyam.com\/shop\/location-camping-pays-basque\/location-appartement-vacances\/bounty-3-personnes\/#breadcrumb","itemListElement":[{"@type":"ListItem","position":1,"name":"Accueil","item":"https:\/\/www.camping-oyam.com\/"},{"@type":"ListItem","position":2,"name":"Tous nos h\u00e9bergements en camping au Pays Basque","item":"https:\/\/www.camping-oyam.com\/tous-nos-hebergements\/"},{"@type":"ListItem","position":3,"name":"Nos autres h\u00e9bergements en location","item":"https:\/\/www.camping-oyam.com\/categorie-produit\/location-camping-pays-basque\/"},{"@type":"ListItem","position":4,"name":"Appartements","item":"https:\/\/www.camping-oyam.com\/categorie-produit\/location-camping-pays-basque\/location-appartement-vacances\/"},{"@type":"ListItem","position":5,"name":"Bounty"}]},{"@type":"WebSite","@id":"https:\/\/www.camping-oyam.com\/en\/#website","url":"https:\/\/www.camping-oyam.com\/en\/","name":"Camping Oyam Bidart","description":"Euskal Herria - Miarritze ondoan","publisher":{"@id":"https:\/\/www.camping-oyam.com\/en\/#organization"},"potentialAction":[{"@type":"SearchAction","target":{"@type":"EntryPoint","urlTemplate":"https:\/\/www.camping-oyam.com\/en\/?s={search_term_string}"},"query-input":{"@type":"PropertyValueSpecification","valueRequired":true,"valueName":"search_term_string"}}],"inLanguage":"eu"},{"@type":"Organization","@id":"https:\/\/www.camping-oyam.com\/en\/#organization","name":"Camping Oyam Bidarten","url":"https:\/\/www.camping-oyam.com\/en\/","logo":{"@type":"ImageObject","inLanguage":"eu","@id":"https:\/\/www.camping-oyam.com\/en\/#\/schema\/logo\/image\/","url":"https:\/\/www.camping-oyam.com\/wp-content\/uploads\/2018\/11\/mobile_menu_home_oyam.png","contentUrl":"https:\/\/www.camping-oyam.com\/wp-content\/uploads\/2018\/11\/mobile_menu_home_oyam.png","width":64,"height":64,"caption":"Camping Oyam \u00e0 Bidart"},"image":{"@id":"https:\/\/www.camping-oyam.com\/en\/#\/schema\/logo\/image\/"},"sameAs":["https:\/\/www.facebook.com\/Camping-Oyam-Bidart-Pays-Basque-160845007297162\/","https:\/\/www.instagram.com\/camping_oyam_bidart\/","https:\/\/www.youtube.com\/channel\/UCS6SC1fo1SAYGzNMGKbZ2PA"]}]}},"_links":{"self":[{"href":"https:\/\/www.camping-oyam.com\/eu\/wp-json\/wp\/v2\/product\/870","targetHints":{"allow":["GET"]}}],"collection":[{"href":"https:\/\/www.camping-oyam.com\/eu\/wp-json\/wp\/v2\/product"}],"about":[{"href":"https:\/\/www.camping-oyam.com\/eu\/wp-json\/wp\/v2\/types\/product"}],"wp:featuredmedia":[{"embeddable":true,"href":"https:\/\/www.camping-oyam.com\/eu\/wp-json\/wp\/v2\/media\/1232"}],"wp:attachment":[{"href":"https:\/\/www.camping-oyam.com\/eu\/wp-json\/wp\/v2\/media?parent=870"}],"wp:term":[{"taxonomy":"product_brand","embeddable":true,"href":"https:\/\/www.camping-oyam.com\/eu\/wp-json\/wp\/v2\/product_brand?post=870"},{"taxonomy":"product_cat","embeddable":true,"href":"https:\/\/www.camping-oyam.com\/eu\/wp-json\/wp\/v2\/product_cat?post=870"},{"taxonomy":"product_tag","embeddable":true,"href":"https:\/\/www.camping-oyam.com\/eu\/wp-json\/wp\/v2\/product_tag?post=870"}],"curies":[{"name":"wp","href":"https:\/\/api.w.org\/{rel}","templated":true}]}}