{"id":873,"date":"2018-09-12T05:25:07","date_gmt":"2018-09-12T03:25:07","guid":{"rendered":"http:\/\/oyam.2gci.fr\/?post_type=product&#038;p=873"},"modified":"2026-04-20T14:39:14","modified_gmt":"2026-04-20T12:39:14","slug":"5-pertsona-elkartu","status":"publish","type":"product","link":"https:\/\/www.camping-oyam.com\/eu\/shop\/location-camping-pays-basque\/location-appartement-vacances\/alize-5-personnes\/","title":{"rendered":"Aliz\u00e9"},"content":{"rendered":"<h2>Ostatuaren deskribapen osoa<\/h2>\n<p>Aliz\u00e9 apartamentuak (35 m\u00b2 + terraza estalia) 5 pertsona har ditzake ohe bikoitz batez, sofa-ohe indibidual batez eta sofa-ohe ateragarri batez osaturiko ohe-establezimendu bati esker. Sukaldea hozkailu batekin, sukalde zeramikoz, mikrouhin-labe batekin, kafe-makina elektriko batekin eta beharrezko plater guztiekin hornituta dago. Aparkaleku bat, lorategiko altzariak dituen terraza estali handi bat, telebista bat eta bainuontzidun bainugela bat izango dituzu Bidarteko Oyam kanpinean egonaldi eroso bat izateko.<\/p>\n<p><em data-start=\"731\" data-end=\"766\">Argazkiak eta planoak ez dira kontratuzkoak.<\/em><\/p>","protected":false},"excerpt":{"rendered":"<p>Aliz\u00e9 apartamentuak, 35 m\u00b2-ko terraza estaliarekin, ohe bikoitz bat, sofa-ohe indibidual bat eta tiradera bat ditu, sukalde hornitua, telebista eta bainuontzia duen bainugela. Bidarteko Oyam kanpinean 5 lagunentzako aproposa.<\/p>","protected":false},"featured_media":12874,"template":"","meta":{"_acf_changed":false,"_glsr_average":0,"_glsr_ranking":0,"_glsr_reviews":0},"product_brand":[],"product_cat":[289,113,45],"product_tag":[],"class_list":{"0":"post-873","1":"product","2":"type-product","3":"status-publish","4":"has-post-thumbnail","6":"product_cat-locations-2-personnes","7":"product_cat-appartements-happyconfort","8":"product_cat-location-appartement-vacances","10":"first","11":"instock","12":"shipping-taxable","13":"product-type-simple"},"acf":[],"yoast_head":"<!-- This site is optimized with the Yoast SEO plugin v27.4 - https:\/\/yoast.com\/product\/yoast-seo-wordpress\/ -->\n<title>Appartement Aliz\u00e9 pour 4 \u00e0 5 personnes en location \u00e0 Bidart (64)<\/title>\n<meta name=\"description\" content=\"Appartement Aliz\u00e9 pour4 \u00e0 5 personnes en location \u00e0 Biarritz au Pays Basque. D\u00e9couvrez toutes les locations du Camping Oyam pour vos vacances.\" \/>\n<meta name=\"robots\" content=\"index, follow, max-snippet:-1, max-image-preview:large, max-video-preview:-1\" \/>\n<link rel=\"canonical\" href=\"https:\/\/www.camping-oyam.com\/eu\/denda\/euskal-herriko-kanpinen-alokairua\/oporretako-apartamentu-alokairua\/5-pertsona-elkartu\/\" \/>\n<meta property=\"og:locale\" content=\"en_US\" \/>\n<meta property=\"og:type\" content=\"article\" \/>\n<meta property=\"og:title\" content=\"Appartement Aliz\u00e9 pour 4 \u00e0 5 personnes en location \u00e0 Bidart (64)\" \/>\n<meta property=\"og:description\" content=\"Appartement Aliz\u00e9 pour4 \u00e0 5 personnes en location \u00e0 Biarritz au Pays Basque. D\u00e9couvrez toutes les locations du Camping Oyam pour vos vacances.\" \/>\n<meta property=\"og:url\" content=\"https:\/\/www.camping-oyam.com\/eu\/denda\/euskal-herriko-kanpinen-alokairua\/oporretako-apartamentu-alokairua\/5-pertsona-elkartu\/\" \/>\n<meta property=\"og:site_name\" content=\"Camping Oyam Bidart\" \/>\n<meta property=\"article:publisher\" content=\"https:\/\/www.facebook.com\/Camping-Oyam-Bidart-Pays-Basque-160845007297162\/\" \/>\n<meta property=\"article:modified_time\" content=\"2026-04-20T12:39:14+00:00\" \/>\n<meta property=\"og:image\" content=\"https:\/\/www.camping-oyam.com\/wp-content\/uploads\/2018\/09\/2-ALIZEE-scaled.jpg\" \/>\n\t<meta property=\"og:image:width\" content=\"2560\" \/>\n\t<meta property=\"og:image:height\" content=\"1920\" \/>\n\t<meta property=\"og:image:type\" content=\"image\/jpeg\" \/>\n<meta name=\"twitter:card\" content=\"summary_large_image\" \/>\n<meta name=\"twitter:label1\" content=\"Est. reading time\" \/>\n\t<meta name=\"twitter:data1\" content=\"1 minutua\" \/>\n<script type=\"application\/ld+json\" class=\"yoast-schema-graph\">{\"@context\":\"https:\\\/\\\/schema.org\",\"@graph\":[{\"@type\":\"WebPage\",\"@id\":\"https:\\\/\\\/www.camping-oyam.com\\\/shop\\\/location-camping-pays-basque\\\/location-appartement-vacances\\\/alize-5-personnes\\\/\",\"url\":\"https:\\\/\\\/www.camping-oyam.com\\\/shop\\\/location-camping-pays-basque\\\/location-appartement-vacances\\\/alize-5-personnes\\\/\",\"name\":\"Appartement Aliz\u00e9 pour 4 \u00e0 5 personnes en location \u00e0 Bidart (64)\",\"isPartOf\":{\"@id\":\"https:\\\/\\\/www.camping-oyam.com\\\/en\\\/#website\"},\"primaryImageOfPage\":{\"@id\":\"https:\\\/\\\/www.camping-oyam.com\\\/shop\\\/location-camping-pays-basque\\\/location-appartement-vacances\\\/alize-5-personnes\\\/#primaryimage\"},\"image\":{\"@id\":\"https:\\\/\\\/www.camping-oyam.com\\\/shop\\\/location-camping-pays-basque\\\/location-appartement-vacances\\\/alize-5-personnes\\\/#primaryimage\"},\"thumbnailUrl\":\"https:\\\/\\\/www.camping-oyam.com\\\/wp-content\\\/uploads\\\/2018\\\/09\\\/2-ALIZEE-scaled.jpg\",\"datePublished\":\"2018-09-12T03:25:07+00:00\",\"dateModified\":\"2026-04-20T12:39:14+00:00\",\"description\":\"Appartement Aliz\u00e9 pour4 \u00e0 5 personnes en location \u00e0 Biarritz au Pays Basque. D\u00e9couvrez toutes les locations du Camping Oyam pour vos vacances.\",\"breadcrumb\":{\"@id\":\"https:\\\/\\\/www.camping-oyam.com\\\/shop\\\/location-camping-pays-basque\\\/location-appartement-vacances\\\/alize-5-personnes\\\/#breadcrumb\"},\"inLanguage\":\"eu\",\"potentialAction\":[{\"@type\":\"ReadAction\",\"target\":[\"https:\\\/\\\/www.camping-oyam.com\\\/shop\\\/location-camping-pays-basque\\\/location-appartement-vacances\\\/alize-5-personnes\\\/\"]}]},{\"@type\":\"ImageObject\",\"inLanguage\":\"eu\",\"@id\":\"https:\\\/\\\/www.camping-oyam.com\\\/shop\\\/location-camping-pays-basque\\\/location-appartement-vacances\\\/alize-5-personnes\\\/#primaryimage\",\"url\":\"https:\\\/\\\/www.camping-oyam.com\\\/wp-content\\\/uploads\\\/2018\\\/09\\\/2-ALIZEE-scaled.jpg\",\"contentUrl\":\"https:\\\/\\\/www.camping-oyam.com\\\/wp-content\\\/uploads\\\/2018\\\/09\\\/2-ALIZEE-scaled.jpg\",\"width\":2560,\"height\":1920,\"caption\":\"2 Alizee\"},{\"@type\":\"BreadcrumbList\",\"@id\":\"https:\\\/\\\/www.camping-oyam.com\\\/shop\\\/location-camping-pays-basque\\\/location-appartement-vacances\\\/alize-5-personnes\\\/#breadcrumb\",\"itemListElement\":[{\"@type\":\"ListItem\",\"position\":1,\"name\":\"Accueil\",\"item\":\"https:\\\/\\\/www.camping-oyam.com\\\/\"},{\"@type\":\"ListItem\",\"position\":2,\"name\":\"Tous nos h\u00e9bergements en camping au Pays Basque\",\"item\":\"https:\\\/\\\/www.camping-oyam.com\\\/tous-nos-hebergements\\\/\"},{\"@type\":\"ListItem\",\"position\":3,\"name\":\"Nos autres h\u00e9bergements en location\",\"item\":\"https:\\\/\\\/www.camping-oyam.com\\\/categorie-produit\\\/location-camping-pays-basque\\\/\"},{\"@type\":\"ListItem\",\"position\":4,\"name\":\"Appartements\",\"item\":\"https:\\\/\\\/www.camping-oyam.com\\\/categorie-produit\\\/location-camping-pays-basque\\\/location-appartement-vacances\\\/\"},{\"@type\":\"ListItem\",\"position\":5,\"name\":\"Aliz\u00e9\"}]},{\"@type\":\"WebSite\",\"@id\":\"https:\\\/\\\/www.camping-oyam.com\\\/en\\\/#website\",\"url\":\"https:\\\/\\\/www.camping-oyam.com\\\/en\\\/\",\"name\":\"Camping Oyam Bidart\",\"description\":\"Pays Basque - Proche Biarritz\",\"publisher\":{\"@id\":\"https:\\\/\\\/www.camping-oyam.com\\\/en\\\/#organization\"},\"potentialAction\":[{\"@type\":\"SearchAction\",\"target\":{\"@type\":\"EntryPoint\",\"urlTemplate\":\"https:\\\/\\\/www.camping-oyam.com\\\/en\\\/?s={search_term_string}\"},\"query-input\":{\"@type\":\"PropertyValueSpecification\",\"valueRequired\":true,\"valueName\":\"search_term_string\"}}],\"inLanguage\":\"eu\"},{\"@type\":\"Organization\",\"@id\":\"https:\\\/\\\/www.camping-oyam.com\\\/en\\\/#organization\",\"name\":\"Camping Oyam \u00e0 Bidart\",\"url\":\"https:\\\/\\\/www.camping-oyam.com\\\/en\\\/\",\"logo\":{\"@type\":\"ImageObject\",\"inLanguage\":\"eu\",\"@id\":\"https:\\\/\\\/www.camping-oyam.com\\\/en\\\/#\\\/schema\\\/logo\\\/image\\\/\",\"url\":\"https:\\\/\\\/www.camping-oyam.com\\\/wp-content\\\/uploads\\\/2018\\\/11\\\/mobile_menu_home_oyam.png\",\"contentUrl\":\"https:\\\/\\\/www.camping-oyam.com\\\/wp-content\\\/uploads\\\/2018\\\/11\\\/mobile_menu_home_oyam.png\",\"width\":64,\"height\":64,\"caption\":\"Camping Oyam \u00e0 Bidart\"},\"image\":{\"@id\":\"https:\\\/\\\/www.camping-oyam.com\\\/en\\\/#\\\/schema\\\/logo\\\/image\\\/\"},\"sameAs\":[\"https:\\\/\\\/www.facebook.com\\\/Camping-Oyam-Bidart-Pays-Basque-160845007297162\\\/\",\"https:\\\/\\\/www.instagram.com\\\/camping_oyam_bidart\\\/\",\"https:\\\/\\\/www.youtube.com\\\/channel\\\/UCS6SC1fo1SAYGzNMGKbZ2PA\"]}]}<\/script>\n<!-- \/ Yoast SEO plugin. -->","yoast_head_json":{"title":"Aliz\u00e9 apartamentua 4-5 pertsonentzat alokairuan Bidarten (64)","description":"4-5 pertsonentzako Aliz\u00e9 apartamentua alokatzeko eskuragarri dago Biarritzen, Euska Herrian. Ezagutu Oyam Camping-eko alokairu guztiak zure oporretarako.","robots":{"index":"index","follow":"follow","max-snippet":"max-snippet:-1","max-image-preview":"max-image-preview:large","max-video-preview":"max-video-preview:-1"},"canonical":"https:\/\/www.camping-oyam.com\/eu\/denda\/euskal-herriko-kanpinen-alokairua\/oporretako-apartamentu-alokairua\/5-pertsona-elkartu\/","og_locale":"en_US","og_type":"article","og_title":"Appartement Aliz\u00e9 pour 4 \u00e0 5 personnes en location \u00e0 Bidart (64)","og_description":"Appartement Aliz\u00e9 pour4 \u00e0 5 personnes en location \u00e0 Biarritz au Pays Basque. D\u00e9couvrez toutes les locations du Camping Oyam pour vos vacances.","og_url":"https:\/\/www.camping-oyam.com\/eu\/denda\/euskal-herriko-kanpinen-alokairua\/oporretako-apartamentu-alokairua\/5-pertsona-elkartu\/","og_site_name":"Camping Oyam Bidart","article_publisher":"https:\/\/www.facebook.com\/Camping-Oyam-Bidart-Pays-Basque-160845007297162\/","article_modified_time":"2026-04-20T12:39:14+00:00","og_image":[{"width":2560,"height":1920,"url":"https:\/\/www.camping-oyam.com\/wp-content\/uploads\/2018\/09\/2-ALIZEE-scaled.jpg","type":"image\/jpeg"}],"twitter_card":"summary_large_image","twitter_misc":{"Est. reading time":"1 minutua"},"schema":{"@context":"https:\/\/schema.org","@graph":[{"@type":"WebPage","@id":"https:\/\/www.camping-oyam.com\/shop\/location-camping-pays-basque\/location-appartement-vacances\/alize-5-personnes\/","url":"https:\/\/www.camping-oyam.com\/shop\/location-camping-pays-basque\/location-appartement-vacances\/alize-5-personnes\/","name":"Aliz\u00e9 apartamentua 4-5 pertsonentzat alokairuan Bidarten (64)","isPartOf":{"@id":"https:\/\/www.camping-oyam.com\/en\/#website"},"primaryImageOfPage":{"@id":"https:\/\/www.camping-oyam.com\/shop\/location-camping-pays-basque\/location-appartement-vacances\/alize-5-personnes\/#primaryimage"},"image":{"@id":"https:\/\/www.camping-oyam.com\/shop\/location-camping-pays-basque\/location-appartement-vacances\/alize-5-personnes\/#primaryimage"},"thumbnailUrl":"https:\/\/www.camping-oyam.com\/wp-content\/uploads\/2018\/09\/2-ALIZEE-scaled.jpg","datePublished":"2018-09-12T03:25:07+00:00","dateModified":"2026-04-20T12:39:14+00:00","description":"4-5 pertsonentzako Aliz\u00e9 apartamentua alokatzeko eskuragarri dago Biarritzen, Euska Herrian. Ezagutu Oyam Camping-eko alokairu guztiak zure oporretarako.","breadcrumb":{"@id":"https:\/\/www.camping-oyam.com\/shop\/location-camping-pays-basque\/location-appartement-vacances\/alize-5-personnes\/#breadcrumb"},"inLanguage":"eu","potentialAction":[{"@type":"ReadAction","target":["https:\/\/www.camping-oyam.com\/shop\/location-camping-pays-basque\/location-appartement-vacances\/alize-5-personnes\/"]}]},{"@type":"ImageObject","inLanguage":"eu","@id":"https:\/\/www.camping-oyam.com\/shop\/location-camping-pays-basque\/location-appartement-vacances\/alize-5-personnes\/#primaryimage","url":"https:\/\/www.camping-oyam.com\/wp-content\/uploads\/2018\/09\/2-ALIZEE-scaled.jpg","contentUrl":"https:\/\/www.camping-oyam.com\/wp-content\/uploads\/2018\/09\/2-ALIZEE-scaled.jpg","width":2560,"height":1920,"caption":"2 Alizee"},{"@type":"BreadcrumbList","@id":"https:\/\/www.camping-oyam.com\/shop\/location-camping-pays-basque\/location-appartement-vacances\/alize-5-personnes\/#breadcrumb","itemListElement":[{"@type":"ListItem","position":1,"name":"Accueil","item":"https:\/\/www.camping-oyam.com\/"},{"@type":"ListItem","position":2,"name":"Tous nos h\u00e9bergements en camping au Pays Basque","item":"https:\/\/www.camping-oyam.com\/tous-nos-hebergements\/"},{"@type":"ListItem","position":3,"name":"Nos autres h\u00e9bergements en location","item":"https:\/\/www.camping-oyam.com\/categorie-produit\/location-camping-pays-basque\/"},{"@type":"ListItem","position":4,"name":"Appartements","item":"https:\/\/www.camping-oyam.com\/categorie-produit\/location-camping-pays-basque\/location-appartement-vacances\/"},{"@type":"ListItem","position":5,"name":"Aliz\u00e9"}]},{"@type":"WebSite","@id":"https:\/\/www.camping-oyam.com\/en\/#website","url":"https:\/\/www.camping-oyam.com\/en\/","name":"Camping Oyam Bidart","description":"Euskal Herria - Miarritze ondoan","publisher":{"@id":"https:\/\/www.camping-oyam.com\/en\/#organization"},"potentialAction":[{"@type":"SearchAction","target":{"@type":"EntryPoint","urlTemplate":"https:\/\/www.camping-oyam.com\/en\/?s={search_term_string}"},"query-input":{"@type":"PropertyValueSpecification","valueRequired":true,"valueName":"search_term_string"}}],"inLanguage":"eu"},{"@type":"Organization","@id":"https:\/\/www.camping-oyam.com\/en\/#organization","name":"Camping Oyam Bidarten","url":"https:\/\/www.camping-oyam.com\/en\/","logo":{"@type":"ImageObject","inLanguage":"eu","@id":"https:\/\/www.camping-oyam.com\/en\/#\/schema\/logo\/image\/","url":"https:\/\/www.camping-oyam.com\/wp-content\/uploads\/2018\/11\/mobile_menu_home_oyam.png","contentUrl":"https:\/\/www.camping-oyam.com\/wp-content\/uploads\/2018\/11\/mobile_menu_home_oyam.png","width":64,"height":64,"caption":"Camping Oyam \u00e0 Bidart"},"image":{"@id":"https:\/\/www.camping-oyam.com\/en\/#\/schema\/logo\/image\/"},"sameAs":["https:\/\/www.facebook.com\/Camping-Oyam-Bidart-Pays-Basque-160845007297162\/","https:\/\/www.instagram.com\/camping_oyam_bidart\/","https:\/\/www.youtube.com\/channel\/UCS6SC1fo1SAYGzNMGKbZ2PA"]}]}},"_links":{"self":[{"href":"https:\/\/www.camping-oyam.com\/eu\/wp-json\/wp\/v2\/product\/873","targetHints":{"allow":["GET"]}}],"collection":[{"href":"https:\/\/www.camping-oyam.com\/eu\/wp-json\/wp\/v2\/product"}],"about":[{"href":"https:\/\/www.camping-oyam.com\/eu\/wp-json\/wp\/v2\/types\/product"}],"wp:featuredmedia":[{"embeddable":true,"href":"https:\/\/www.camping-oyam.com\/eu\/wp-json\/wp\/v2\/media\/12874"}],"wp:attachment":[{"href":"https:\/\/www.camping-oyam.com\/eu\/wp-json\/wp\/v2\/media?parent=873"}],"wp:term":[{"taxonomy":"product_brand","embeddable":true,"href":"https:\/\/www.camping-oyam.com\/eu\/wp-json\/wp\/v2\/product_brand?post=873"},{"taxonomy":"product_cat","embeddable":true,"href":"https:\/\/www.camping-oyam.com\/eu\/wp-json\/wp\/v2\/product_cat?post=873"},{"taxonomy":"product_tag","embeddable":true,"href":"https:\/\/www.camping-oyam.com\/eu\/wp-json\/wp\/v2\/product_tag?post=873"}],"curies":[{"name":"wp","href":"https:\/\/api.w.org\/{rel}","templated":true}]}}